{"id":27066,"date":"2025-11-24T16:26:54","date_gmt":"2025-11-24T15:26:54","guid":{"rendered":"https:\/\/stampcurio.com\/product\/1924-tibet-mount-everest-expedicio-levelezolap\/"},"modified":"2025-12-05T04:04:14","modified_gmt":"2025-12-05T03:04:14","slug":"1924-tibet-a-mount-everest-expediciorol-kuldott-levelezolap-az-expedicio-alkalmi-belyegevel","status":"publish","type":"product","link":"https:\/\/stampcurio.com\/hu\/termek\/1924-tibet-a-mount-everest-expediciorol-kuldott-levelezolap-az-expedicio-alkalmi-belyegevel\/","title":{"rendered":"1924 Tibet &#8211; A Mount Everest exped\u00edci\u00f3r\u00f3l k\u00fcld\u00f6tt levelez\u0151lap az expedici\u00f3 alkalmi b\u00e9lyeg\u00e9vel"},"content":{"rendered":"","protected":false},"excerpt":{"rendered":"","protected":false},"featured_media":27879,"template":"","meta":[],"product_brand":[],"product_cat":[1186,1206,1676],"product_tag":[1669,116,194,89],"class_list":{"0":"post-27066","1":"product","2":"type-product","3":"status-publish","4":"has-post-thumbnail","6":"product_cat-brit-birodalom","7":"product_cat-india","8":"product_cat-tibet","9":"product_tag-3rd-auction","10":"product_tag-belyeg","11":"product_tag-levelzaro","12":"product_tag-postatortenet","14":"first","15":"outofstock","16":"sold-individually","17":"shipping-taxable","18":"purchasable","19":"product-type-simple"},"_links":{"self":[{"href":"https:\/\/stampcurio.com\/hu\/wp-json\/wp\/v2\/product\/27066","targetHints":{"allow":["GET"]}}],"collection":[{"href":"https:\/\/stampcurio.com\/hu\/wp-json\/wp\/v2\/product"}],"about":[{"href":"https:\/\/stampcurio.com\/hu\/wp-json\/wp\/v2\/types\/product"}],"wp:featuredmedia":[{"embeddable":true,"href":"https:\/\/stampcurio.com\/hu\/wp-json\/wp\/v2\/media\/27879"}],"wp:attachment":[{"href":"https:\/\/stampcurio.com\/hu\/wp-json\/wp\/v2\/media?parent=27066"}],"wp:term":[{"taxonomy":"product_brand","embeddable":true,"href":"https:\/\/stampcurio.com\/hu\/wp-json\/wp\/v2\/product_brand?post=27066"},{"taxonomy":"product_cat","embeddable":true,"href":"https:\/\/stampcurio.com\/hu\/wp-json\/wp\/v2\/product_cat?post=27066"},{"taxonomy":"product_tag","embeddable":true,"href":"https:\/\/stampcurio.com\/hu\/wp-json\/wp\/v2\/product_tag?post=27066"}],"curies":[{"name":"wp","href":"https:\/\/api.w.org\/{rel}","templated":true}]}}