{"id":27065,"date":"2025-11-24T16:26:54","date_gmt":"2025-11-24T15:26:54","guid":{"rendered":"https:\/\/stampcurio.com\/product\/1924-costa-rica-kepes-levelezolap-1800-korona-portoval-portobelyegzovel-mi-150-eur\/"},"modified":"2025-12-05T04:04:14","modified_gmt":"2025-12-05T03:04:14","slug":"1924-costa-rica-kepes-levelezolap-ausztriaba-kuldve-ahol-1800-korona-portoval-terheltek-meg-ritka-egybelyeges-portozas-a-levelezolapon-costa-rica-i-es-osztrak-porto-jelzesek-koztuk-1800-s-porto","status":"publish","type":"product","link":"https:\/\/stampcurio.com\/hu\/termek\/1924-costa-rica-kepes-levelezolap-ausztriaba-kuldve-ahol-1800-korona-portoval-terheltek-meg-ritka-egybelyeges-portozas-a-levelezolapon-costa-rica-i-es-osztrak-porto-jelzesek-koztuk-1800-s-porto\/","title":{"rendered":"1924 Costa Rica &#8211; k\u00e9pes levelez\u0151lap Ausztri\u00e1ba k\u00fcldve ahol 1800 korona port\u00f3val terhelt\u00e9k meg (ritka egyb\u00e9lyeges port\u00f3z\u00e1s). A levelez\u0151lapon costa rica-i \u00e9s osztr\u00e1k port\u00f3 jelz\u00e9sek k\u00f6zt\u00fck &#8220;1800&#8221;-s port\u00f3b\u00e9lyegz\u0151 is. | Mi: 150 EUR"},"content":{"rendered":"","protected":false},"excerpt":{"rendered":"","protected":false},"featured_media":27881,"template":"","meta":[],"product_brand":[],"product_cat":[1178,1675],"product_tag":[1669,116,97,108,89],"class_list":{"0":"post-27065","1":"product","2":"type-product","3":"status-publish","4":"has-post-thumbnail","6":"product_cat-ausztria","7":"product_cat-costa-rica","8":"product_tag-3rd-auction","9":"product_tag-belyeg","10":"product_tag-kepeslap","11":"product_tag-porto","12":"product_tag-postatortenet","14":"first","15":"outofstock","16":"sold-individually","17":"shipping-taxable","18":"purchasable","19":"product-type-simple"},"_links":{"self":[{"href":"https:\/\/stampcurio.com\/hu\/wp-json\/wp\/v2\/product\/27065","targetHints":{"allow":["GET"]}}],"collection":[{"href":"https:\/\/stampcurio.com\/hu\/wp-json\/wp\/v2\/product"}],"about":[{"href":"https:\/\/stampcurio.com\/hu\/wp-json\/wp\/v2\/types\/product"}],"wp:featuredmedia":[{"embeddable":true,"href":"https:\/\/stampcurio.com\/hu\/wp-json\/wp\/v2\/media\/27881"}],"wp:attachment":[{"href":"https:\/\/stampcurio.com\/hu\/wp-json\/wp\/v2\/media?parent=27065"}],"wp:term":[{"taxonomy":"product_brand","embeddable":true,"href":"https:\/\/stampcurio.com\/hu\/wp-json\/wp\/v2\/product_brand?post=27065"},{"taxonomy":"product_cat","embeddable":true,"href":"https:\/\/stampcurio.com\/hu\/wp-json\/wp\/v2\/product_cat?post=27065"},{"taxonomy":"product_tag","embeddable":true,"href":"https:\/\/stampcurio.com\/hu\/wp-json\/wp\/v2\/product_tag?post=27065"}],"curies":[{"name":"wp","href":"https:\/\/api.w.org\/{rel}","templated":true}]}}