{"id":27064,"date":"2025-11-24T16:26:54","date_gmt":"2025-11-24T15:26:54","guid":{"rendered":"https:\/\/stampcurio.com\/product\/1920-magyarorszag-debrecen-ii-75-filler-forditott-felulnyomattal-mbk-45-eur\/"},"modified":"2025-12-05T04:04:14","modified_gmt":"2025-12-05T03:04:14","slug":"1920-magyarorszag-romania-debrecen-ii-75-filler-forditott-felulnyomattal-mi-91x-phu-16a-125-eur","status":"publish","type":"product","link":"https:\/\/stampcurio.com\/hu\/termek\/1920-magyarorszag-romania-debrecen-ii-75-filler-forditott-felulnyomattal-mi-91x-phu-16a-125-eur\/","title":{"rendered":"1920 Magyarorsz\u00e1g &#8211; Rom\u00e1nia &#8211; Debrecen II. 75 fill\u00e9r ford\u00edtott fel\u00fclnyomattal * | Mi. 91x | Phu: 16a \/ 125 EUR"},"content":{"rendered":"","protected":false},"excerpt":{"rendered":"","protected":false},"featured_media":30572,"template":"","meta":[],"product_brand":[],"product_cat":[1172,1208],"product_tag":[1669,116,1332,217],"class_list":{"0":"post-27064","1":"product","2":"type-product","3":"status-publish","4":"has-post-thumbnail","6":"product_cat-magyarorszag","7":"product_cat-romania","8":"product_tag-3rd-auction","9":"product_tag-belyeg","10":"product_tag-helyi-kiadas","11":"product_tag-tevnyomat","13":"first","14":"outofstock","15":"sold-individually","16":"shipping-taxable","17":"purchasable","18":"product-type-simple"},"_links":{"self":[{"href":"https:\/\/stampcurio.com\/hu\/wp-json\/wp\/v2\/product\/27064","targetHints":{"allow":["GET"]}}],"collection":[{"href":"https:\/\/stampcurio.com\/hu\/wp-json\/wp\/v2\/product"}],"about":[{"href":"https:\/\/stampcurio.com\/hu\/wp-json\/wp\/v2\/types\/product"}],"wp:featuredmedia":[{"embeddable":true,"href":"https:\/\/stampcurio.com\/hu\/wp-json\/wp\/v2\/media\/30572"}],"wp:attachment":[{"href":"https:\/\/stampcurio.com\/hu\/wp-json\/wp\/v2\/media?parent=27064"}],"wp:term":[{"taxonomy":"product_brand","embeddable":true,"href":"https:\/\/stampcurio.com\/hu\/wp-json\/wp\/v2\/product_brand?post=27064"},{"taxonomy":"product_cat","embeddable":true,"href":"https:\/\/stampcurio.com\/hu\/wp-json\/wp\/v2\/product_cat?post=27064"},{"taxonomy":"product_tag","embeddable":true,"href":"https:\/\/stampcurio.com\/hu\/wp-json\/wp\/v2\/product_tag?post=27064"}],"curies":[{"name":"wp","href":"https:\/\/api.w.org\/{rel}","templated":true}]}}