{"id":27061,"date":"2025-11-24T16:26:53","date_gmt":"2025-11-24T15:26:53","guid":{"rendered":"https:\/\/stampcurio.com\/product\/1848-magyarorszag-lipcsebe-kuldott-ajanlott-level-nagybecskerekbol\/"},"modified":"2025-12-05T04:04:15","modified_gmt":"2025-12-05T03:04:15","slug":"1848-ausztria-magyarorszag-nagybecskerekrol-kulfoldre-szaszorszag-lipcse-kuldott-ajanlott-level","status":"publish","type":"product","link":"https:\/\/stampcurio.com\/hu\/termek\/1848-ausztria-magyarorszag-nagybecskerekrol-kulfoldre-szaszorszag-lipcse-kuldott-ajanlott-level\/","title":{"rendered":"1848 Ausztria &#8211; Magyarorsz\u00e1g &#8211; Nagybecskerekr\u0151l k\u00fclf\u00f6ldre (Sz\u00e1szorsz\u00e1g \/ Lipcse) k\u00fcld\u00f6tt aj\u00e1nlott lev\u00e9l"},"content":{"rendered":"","protected":false},"excerpt":{"rendered":"","protected":false},"featured_media":35597,"template":"","meta":[],"product_brand":[],"product_cat":[1178,1172,1175,1245],"product_tag":[1669,89,1631,1305],"class_list":{"0":"post-27061","1":"product","2":"type-product","3":"status-publish","4":"has-post-thumbnail","6":"product_cat-ausztria","7":"product_cat-magyarorszag","8":"product_cat-nemetorszag","9":"product_cat-szerbia","10":"product_tag-3rd-auction","11":"product_tag-postatortenet","12":"product_tag-pre-upu","13":"product_tag-vorphila","15":"first","16":"outofstock","17":"sold-individually","18":"shipping-taxable","19":"purchasable","20":"product-type-simple"},"_links":{"self":[{"href":"https:\/\/stampcurio.com\/hu\/wp-json\/wp\/v2\/product\/27061","targetHints":{"allow":["GET"]}}],"collection":[{"href":"https:\/\/stampcurio.com\/hu\/wp-json\/wp\/v2\/product"}],"about":[{"href":"https:\/\/stampcurio.com\/hu\/wp-json\/wp\/v2\/types\/product"}],"wp:featuredmedia":[{"embeddable":true,"href":"https:\/\/stampcurio.com\/hu\/wp-json\/wp\/v2\/media\/35597"}],"wp:attachment":[{"href":"https:\/\/stampcurio.com\/hu\/wp-json\/wp\/v2\/media?parent=27061"}],"wp:term":[{"taxonomy":"product_brand","embeddable":true,"href":"https:\/\/stampcurio.com\/hu\/wp-json\/wp\/v2\/product_brand?post=27061"},{"taxonomy":"product_cat","embeddable":true,"href":"https:\/\/stampcurio.com\/hu\/wp-json\/wp\/v2\/product_cat?post=27061"},{"taxonomy":"product_tag","embeddable":true,"href":"https:\/\/stampcurio.com\/hu\/wp-json\/wp\/v2\/product_tag?post=27061"}],"curies":[{"name":"wp","href":"https:\/\/api.w.org\/{rel}","templated":true}]}}