{"id":27060,"date":"2025-11-24T16:26:52","date_gmt":"2025-11-24T15:26:52","guid":{"rendered":"https:\/\/stampcurio.com\/product\/1825-ausztria-sarga-tyrnau-belyegzes-napolyba-kuldott-levelen\/"},"modified":"2025-12-05T04:04:16","modified_gmt":"2025-12-05T03:04:16","slug":"1825-ausztria-sarga-tyrnau-belyegzes-kulfoldre-napolyba-ket-szicilia-kiralysaga-kuldott-portos-levelen","status":"publish","type":"product","link":"https:\/\/stampcurio.com\/hu\/termek\/1825-ausztria-sarga-tyrnau-belyegzes-kulfoldre-napolyba-ket-szicilia-kiralysaga-kuldott-portos-levelen\/","title":{"rendered":"1825 Ausztria &#8211; s\u00e1rga TYRNAU b\u00e9lyegz\u00e9s k\u00fclf\u00f6ldre,  N\u00e1polyba (K\u00e9t Szic\u00edlia Kir\u00e1lys\u00e1ga) k\u00fcld\u00f6tt port\u00f3s lev\u00e9len"},"content":{"rendered":"","protected":false},"excerpt":{"rendered":"","protected":false},"featured_media":27914,"template":"","meta":[],"product_brand":[],"product_cat":[1178,1172,1183,1189],"product_tag":[1669,108,89,1305],"class_list":{"0":"post-27060","1":"product","2":"type-product","3":"status-publish","4":"has-post-thumbnail","6":"product_cat-ausztria","7":"product_cat-magyarorszag","8":"product_cat-olaszorszag","9":"product_cat-szlovakia","10":"product_tag-3rd-auction","11":"product_tag-porto","12":"product_tag-postatortenet","13":"product_tag-vorphila","15":"first","16":"outofstock","17":"sold-individually","18":"shipping-taxable","19":"purchasable","20":"product-type-simple"},"_links":{"self":[{"href":"https:\/\/stampcurio.com\/hu\/wp-json\/wp\/v2\/product\/27060","targetHints":{"allow":["GET"]}}],"collection":[{"href":"https:\/\/stampcurio.com\/hu\/wp-json\/wp\/v2\/product"}],"about":[{"href":"https:\/\/stampcurio.com\/hu\/wp-json\/wp\/v2\/types\/product"}],"wp:featuredmedia":[{"embeddable":true,"href":"https:\/\/stampcurio.com\/hu\/wp-json\/wp\/v2\/media\/27914"}],"wp:attachment":[{"href":"https:\/\/stampcurio.com\/hu\/wp-json\/wp\/v2\/media?parent=27060"}],"wp:term":[{"taxonomy":"product_brand","embeddable":true,"href":"https:\/\/stampcurio.com\/hu\/wp-json\/wp\/v2\/product_brand?post=27060"},{"taxonomy":"product_cat","embeddable":true,"href":"https:\/\/stampcurio.com\/hu\/wp-json\/wp\/v2\/product_cat?post=27060"},{"taxonomy":"product_tag","embeddable":true,"href":"https:\/\/stampcurio.com\/hu\/wp-json\/wp\/v2\/product_tag?post=27060"}],"curies":[{"name":"wp","href":"https:\/\/api.w.org\/{rel}","templated":true}]}}