{"id":27059,"date":"2025-11-24T16:26:52","date_gmt":"2025-11-24T15:26:52","guid":{"rendered":"https:\/\/stampcurio.com\/product\/1991-magyarorszag-hologramos-blokk-fekete-sorszammal\/"},"modified":"2026-01-05T15:18:32","modified_gmt":"2026-01-05T14:18:32","slug":"1991-magyarorszag-a-magyar-koztarsasag-cimere-postatiszta-hologramos-blokk-fekete-sorszammal-phu-4123-150-eur","status":"publish","type":"product","link":"https:\/\/stampcurio.com\/hu\/termek\/1991-magyarorszag-a-magyar-koztarsasag-cimere-postatiszta-hologramos-blokk-fekete-sorszammal-phu-4123-150-eur\/","title":{"rendered":"1991 Magyarorsz\u00e1g &#8211; A Magyar K\u00f6zt\u00e1rsas\u00e1g c\u00edmere postatiszta ** hologramos blokk, fekete sorsz\u00e1mmal | Phu: 4123 \/ 150 EUR"},"content":{"rendered":"","protected":false},"excerpt":{"rendered":"","protected":false},"featured_media":31736,"template":"","meta":[],"product_brand":[],"product_cat":[1172],"product_tag":[1669,116,1006],"class_list":{"0":"post-27059","1":"product","2":"type-product","3":"status-publish","4":"has-post-thumbnail","6":"product_cat-magyarorszag","7":"product_tag-3rd-auction","8":"product_tag-belyeg","9":"product_tag-unsold","11":"first","12":"instock","13":"sold-individually","14":"shipping-taxable","15":"purchasable","16":"product-type-simple"},"_links":{"self":[{"href":"https:\/\/stampcurio.com\/hu\/wp-json\/wp\/v2\/product\/27059","targetHints":{"allow":["GET"]}}],"collection":[{"href":"https:\/\/stampcurio.com\/hu\/wp-json\/wp\/v2\/product"}],"about":[{"href":"https:\/\/stampcurio.com\/hu\/wp-json\/wp\/v2\/types\/product"}],"wp:featuredmedia":[{"embeddable":true,"href":"https:\/\/stampcurio.com\/hu\/wp-json\/wp\/v2\/media\/31736"}],"wp:attachment":[{"href":"https:\/\/stampcurio.com\/hu\/wp-json\/wp\/v2\/media?parent=27059"}],"wp:term":[{"taxonomy":"product_brand","embeddable":true,"href":"https:\/\/stampcurio.com\/hu\/wp-json\/wp\/v2\/product_brand?post=27059"},{"taxonomy":"product_cat","embeddable":true,"href":"https:\/\/stampcurio.com\/hu\/wp-json\/wp\/v2\/product_cat?post=27059"},{"taxonomy":"product_tag","embeddable":true,"href":"https:\/\/stampcurio.com\/hu\/wp-json\/wp\/v2\/product_tag?post=27059"}],"curies":[{"name":"wp","href":"https:\/\/api.w.org\/{rel}","templated":true}]}}