{"id":27057,"date":"2025-11-24T16:26:51","date_gmt":"2025-11-24T15:26:51","guid":{"rendered":"https:\/\/stampcurio.com\/product\/1953-magyarorszag-sztalin-gyaszblokk-ajanlott-fdc-boritekon-mbk-375-eur\/"},"modified":"2025-12-05T04:04:16","modified_gmt":"2025-12-05T03:04:16","slug":"1953-magyarorszag-kezisajtos-sztalin-gyaszblokk-valoban-futott-svajcba-kuldott-ajanlott-fdc-boritekon-phu-500-eur","status":"publish","type":"product","link":"https:\/\/stampcurio.com\/hu\/termek\/1953-magyarorszag-kezisajtos-sztalin-gyaszblokk-valoban-futott-svajcba-kuldott-ajanlott-fdc-boritekon-phu-500-eur\/","title":{"rendered":"1953 Magyarorsz\u00e1g &#8211; k\u00e9zisajt\u00f3s Szt\u00e1lin gy\u00e1szblokk val\u00f3ban futott Sv\u00e1jcba k\u00fcld\u00f6tt aj\u00e1nlott FDC bor\u00edt\u00e9kon | Phu: 500 EUR"},"content":{"rendered":"","protected":false},"excerpt":{"rendered":"","protected":false},"featured_media":27917,"template":"","meta":[],"product_brand":[],"product_cat":[1172],"product_tag":[1669,116,100,89],"class_list":{"0":"post-27057","1":"product","2":"type-product","3":"status-publish","4":"has-post-thumbnail","6":"product_cat-magyarorszag","7":"product_tag-3rd-auction","8":"product_tag-belyeg","9":"product_tag-fdc","10":"product_tag-postatortenet","12":"first","13":"outofstock","14":"sold-individually","15":"shipping-taxable","16":"purchasable","17":"product-type-simple"},"_links":{"self":[{"href":"https:\/\/stampcurio.com\/hu\/wp-json\/wp\/v2\/product\/27057","targetHints":{"allow":["GET"]}}],"collection":[{"href":"https:\/\/stampcurio.com\/hu\/wp-json\/wp\/v2\/product"}],"about":[{"href":"https:\/\/stampcurio.com\/hu\/wp-json\/wp\/v2\/types\/product"}],"wp:featuredmedia":[{"embeddable":true,"href":"https:\/\/stampcurio.com\/hu\/wp-json\/wp\/v2\/media\/27917"}],"wp:attachment":[{"href":"https:\/\/stampcurio.com\/hu\/wp-json\/wp\/v2\/media?parent=27057"}],"wp:term":[{"taxonomy":"product_brand","embeddable":true,"href":"https:\/\/stampcurio.com\/hu\/wp-json\/wp\/v2\/product_brand?post=27057"},{"taxonomy":"product_cat","embeddable":true,"href":"https:\/\/stampcurio.com\/hu\/wp-json\/wp\/v2\/product_cat?post=27057"},{"taxonomy":"product_tag","embeddable":true,"href":"https:\/\/stampcurio.com\/hu\/wp-json\/wp\/v2\/product_tag?post=27057"}],"curies":[{"name":"wp","href":"https:\/\/api.w.org\/{rel}","templated":true}]}}