{"id":27056,"date":"2025-11-24T16:26:50","date_gmt":"2025-11-24T15:26:50","guid":{"rendered":"https:\/\/stampcurio.com\/product\/1909-magyarorszag-turul-12-f-2-es-yost-irogep-perfin-150-pont\/"},"modified":"2025-12-05T04:04:17","modified_gmt":"2025-12-05T03:04:17","slug":"1909-magyarorszag-turul-12-filler-yost-ceg-fele-2-perfinnel-ceglyukasztas-lente-150-pont","status":"publish","type":"product","link":"https:\/\/stampcurio.com\/hu\/termek\/1909-magyarorszag-turul-12-filler-yost-ceg-fele-2-perfinnel-ceglyukasztas-lente-150-pont\/","title":{"rendered":"1909 Magyarorsz\u00e1g &#8211; Turul 12 fill\u00e9r YOST c\u00e9g f\u00e9le &#8220;2&#8221; perfinnel &#8211; c\u00e9glyukaszt\u00e1s |  Lente: 150 pont"},"content":{"rendered":"","protected":false},"excerpt":{"rendered":"","protected":false},"featured_media":31734,"template":"","meta":[],"product_brand":[],"product_cat":[1172],"product_tag":[1669,116,230],"class_list":{"0":"post-27056","1":"product","2":"type-product","3":"status-publish","4":"has-post-thumbnail","6":"product_cat-magyarorszag","7":"product_tag-3rd-auction","8":"product_tag-belyeg","9":"product_tag-perfin","11":"first","12":"outofstock","13":"sold-individually","14":"shipping-taxable","15":"purchasable","16":"product-type-simple"},"_links":{"self":[{"href":"https:\/\/stampcurio.com\/hu\/wp-json\/wp\/v2\/product\/27056","targetHints":{"allow":["GET"]}}],"collection":[{"href":"https:\/\/stampcurio.com\/hu\/wp-json\/wp\/v2\/product"}],"about":[{"href":"https:\/\/stampcurio.com\/hu\/wp-json\/wp\/v2\/types\/product"}],"wp:featuredmedia":[{"embeddable":true,"href":"https:\/\/stampcurio.com\/hu\/wp-json\/wp\/v2\/media\/31734"}],"wp:attachment":[{"href":"https:\/\/stampcurio.com\/hu\/wp-json\/wp\/v2\/media?parent=27056"}],"wp:term":[{"taxonomy":"product_brand","embeddable":true,"href":"https:\/\/stampcurio.com\/hu\/wp-json\/wp\/v2\/product_brand?post=27056"},{"taxonomy":"product_cat","embeddable":true,"href":"https:\/\/stampcurio.com\/hu\/wp-json\/wp\/v2\/product_cat?post=27056"},{"taxonomy":"product_tag","embeddable":true,"href":"https:\/\/stampcurio.com\/hu\/wp-json\/wp\/v2\/product_tag?post=27056"}],"curies":[{"name":"wp","href":"https:\/\/api.w.org\/{rel}","templated":true}]}}