{"id":27055,"date":"2025-11-24T16:26:50","date_gmt":"2025-11-24T15:26:50","guid":{"rendered":"https:\/\/stampcurio.com\/product\/1858-ausztria-15-kr-reszlegesen-hianyzo-enyvezes-ferch-3500-eur-ara-600\/"},"modified":"2025-12-05T04:04:17","modified_gmt":"2025-12-05T03:04:17","slug":"1858-ausztria-15-kr-i-tipus-postatiszta-reszlegesen-hianyzo-enyvezessel-kisse-ferden-fogazva-ferch-mh-ar-3500-eur-mng-ara-600-eur","status":"publish","type":"product","link":"https:\/\/stampcurio.com\/hu\/termek\/1858-ausztria-15-kr-i-tipus-postatiszta-reszlegesen-hianyzo-enyvezessel-kisse-ferden-fogazva-ferch-mh-ar-3500-eur-mng-ara-600-eur\/","title":{"rendered":"1858 Ausztria &#8211; 15 kr I. tipus postatiszta * r\u00e9szlegesen hi\u00e1nyz\u00f3 enyvez\u00e9ssel kiss\u00e9 ferd\u00e9n fogazva | Ferch: MH \u00e1r 3500 EUR, MNG \u00e1ra: 600 EUR"},"content":{"rendered":"","protected":false},"excerpt":{"rendered":"","protected":false},"featured_media":30592,"template":"","meta":[],"product_brand":[],"product_cat":[1178],"product_tag":[1669,116,217],"class_list":{"0":"post-27055","1":"product","2":"type-product","3":"status-publish","4":"has-post-thumbnail","6":"product_cat-ausztria","7":"product_tag-3rd-auction","8":"product_tag-belyeg","9":"product_tag-tevnyomat","11":"first","12":"outofstock","13":"sold-individually","14":"shipping-taxable","15":"purchasable","16":"product-type-simple"},"_links":{"self":[{"href":"https:\/\/stampcurio.com\/hu\/wp-json\/wp\/v2\/product\/27055","targetHints":{"allow":["GET"]}}],"collection":[{"href":"https:\/\/stampcurio.com\/hu\/wp-json\/wp\/v2\/product"}],"about":[{"href":"https:\/\/stampcurio.com\/hu\/wp-json\/wp\/v2\/types\/product"}],"wp:featuredmedia":[{"embeddable":true,"href":"https:\/\/stampcurio.com\/hu\/wp-json\/wp\/v2\/media\/30592"}],"wp:attachment":[{"href":"https:\/\/stampcurio.com\/hu\/wp-json\/wp\/v2\/media?parent=27055"}],"wp:term":[{"taxonomy":"product_brand","embeddable":true,"href":"https:\/\/stampcurio.com\/hu\/wp-json\/wp\/v2\/product_brand?post=27055"},{"taxonomy":"product_cat","embeddable":true,"href":"https:\/\/stampcurio.com\/hu\/wp-json\/wp\/v2\/product_cat?post=27055"},{"taxonomy":"product_tag","embeddable":true,"href":"https:\/\/stampcurio.com\/hu\/wp-json\/wp\/v2\/product_tag?post=27055"}],"curies":[{"name":"wp","href":"https:\/\/api.w.org\/{rel}","templated":true}]}}