{"id":27054,"date":"2025-11-24T16:26:50","date_gmt":"2025-11-24T15:26:50","guid":{"rendered":"https:\/\/stampcurio.com\/product\/1920-magyarorszag-bregi-p-u-kldv-zup-b-k-vm-kek-postaugynokseg-belyegzes-pu-500\/"},"modified":"2025-12-05T04:04:16","modified_gmt":"2025-12-05T03:04:16","slug":"1920-shs-magyarorszag-kek-ketnyelvu-horvat-magyar-bregi-p-u-kldv-zup-b-k-vm-postaugynokseg-belyegzes-pu-500-pont","status":"publish","type":"product","link":"https:\/\/stampcurio.com\/hu\/termek\/1920-shs-magyarorszag-kek-ketnyelvu-horvat-magyar-bregi-p-u-kldv-zup-b-k-vm-postaugynokseg-belyegzes-pu-500-pont\/","title":{"rendered":"1920 SHS &#8211; Magyarorsz\u00e1g &#8211; k\u00e9k k\u00e9tnyelv\u0171 horv\u00e1t-magyar BREGI P.U.-KLDV.\u017dUP.B.-K.VM. posta\u00fcgyn\u00f6ks\u00e9g b\u00e9lyegz\u00e9s | P\u00dc: 500 pont"},"content":{"rendered":"","protected":false},"excerpt":{"rendered":"","protected":false},"featured_media":30598,"template":"","meta":[],"product_brand":[],"product_cat":[1192,1694,1172],"product_tag":[1669,116,1041],"class_list":{"0":"post-27054","1":"product","2":"type-product","3":"status-publish","4":"has-post-thumbnail","6":"product_cat-horvatorszag","7":"product_cat-jugoszlavia","8":"product_cat-magyarorszag","9":"product_tag-3rd-auction","10":"product_tag-belyeg","11":"product_tag-marcophily-hu","13":"first","14":"outofstock","15":"sold-individually","16":"shipping-taxable","17":"purchasable","18":"product-type-simple"},"_links":{"self":[{"href":"https:\/\/stampcurio.com\/hu\/wp-json\/wp\/v2\/product\/27054","targetHints":{"allow":["GET"]}}],"collection":[{"href":"https:\/\/stampcurio.com\/hu\/wp-json\/wp\/v2\/product"}],"about":[{"href":"https:\/\/stampcurio.com\/hu\/wp-json\/wp\/v2\/types\/product"}],"wp:featuredmedia":[{"embeddable":true,"href":"https:\/\/stampcurio.com\/hu\/wp-json\/wp\/v2\/media\/30598"}],"wp:attachment":[{"href":"https:\/\/stampcurio.com\/hu\/wp-json\/wp\/v2\/media?parent=27054"}],"wp:term":[{"taxonomy":"product_brand","embeddable":true,"href":"https:\/\/stampcurio.com\/hu\/wp-json\/wp\/v2\/product_brand?post=27054"},{"taxonomy":"product_cat","embeddable":true,"href":"https:\/\/stampcurio.com\/hu\/wp-json\/wp\/v2\/product_cat?post=27054"},{"taxonomy":"product_tag","embeddable":true,"href":"https:\/\/stampcurio.com\/hu\/wp-json\/wp\/v2\/product_tag?post=27054"}],"curies":[{"name":"wp","href":"https:\/\/api.w.org\/{rel}","templated":true}]}}