{"id":27053,"date":"2025-11-24T16:26:49","date_gmt":"2025-11-24T15:26:49","guid":{"rendered":"https:\/\/stampcurio.com\/product\/1918-magyarorszag-donji-stari-grad-postaugynokseg-belyegzes-rr\/"},"modified":"2025-12-05T04:04:18","modified_gmt":"2025-12-05T03:04:18","slug":"1918-magyarorszag-ritka-ketnyelvu-horvat-magyar-donji-stari-grad-postaugynokseg-belyegzes-kivagason-pu-rr-nagyon-ritka","status":"publish","type":"product","link":"https:\/\/stampcurio.com\/hu\/termek\/1918-magyarorszag-ritka-ketnyelvu-horvat-magyar-donji-stari-grad-postaugynokseg-belyegzes-kivagason-pu-rr-nagyon-ritka\/","title":{"rendered":"1918 Magyarorsz\u00e1g &#8211; ritka k\u00e9tnyelv\u0171 horv\u00e1t &#8211; magyar DONJI STARI GRAD posta\u00fcgyn\u00f6ks\u00e9g b\u00e9lyegz\u00e9s kiv\u00e1g\u00e1son | P\u00dc: RR (nagyon ritka)"},"content":{"rendered":"","protected":false},"excerpt":{"rendered":"","protected":false},"featured_media":30608,"template":"","meta":[],"product_brand":[],"product_cat":[1192,1172],"product_tag":[1669,1041,1269],"class_list":{"0":"post-27053","1":"product","2":"type-product","3":"status-publish","4":"has-post-thumbnail","6":"product_cat-horvatorszag","7":"product_cat-magyarorszag","8":"product_tag-3rd-auction","9":"product_tag-marcophily-hu","10":"product_tag-postaugynokseg","12":"first","13":"outofstock","14":"sold-individually","15":"shipping-taxable","16":"purchasable","17":"product-type-simple"},"_links":{"self":[{"href":"https:\/\/stampcurio.com\/hu\/wp-json\/wp\/v2\/product\/27053","targetHints":{"allow":["GET"]}}],"collection":[{"href":"https:\/\/stampcurio.com\/hu\/wp-json\/wp\/v2\/product"}],"about":[{"href":"https:\/\/stampcurio.com\/hu\/wp-json\/wp\/v2\/types\/product"}],"wp:featuredmedia":[{"embeddable":true,"href":"https:\/\/stampcurio.com\/hu\/wp-json\/wp\/v2\/media\/30608"}],"wp:attachment":[{"href":"https:\/\/stampcurio.com\/hu\/wp-json\/wp\/v2\/media?parent=27053"}],"wp:term":[{"taxonomy":"product_brand","embeddable":true,"href":"https:\/\/stampcurio.com\/hu\/wp-json\/wp\/v2\/product_brand?post=27053"},{"taxonomy":"product_cat","embeddable":true,"href":"https:\/\/stampcurio.com\/hu\/wp-json\/wp\/v2\/product_cat?post=27053"},{"taxonomy":"product_tag","embeddable":true,"href":"https:\/\/stampcurio.com\/hu\/wp-json\/wp\/v2\/product_tag?post=27053"}],"curies":[{"name":"wp","href":"https:\/\/api.w.org\/{rel}","templated":true}]}}