{"id":27052,"date":"2025-11-24T16:26:49","date_gmt":"2025-11-24T15:26:49","guid":{"rendered":"https:\/\/stampcurio.com\/product\/1916-magyarorszag-vojnic-p-u-kldv-kek-postaugynokseg-belyegzes-rrr\/"},"modified":"2026-01-05T15:18:33","modified_gmt":"2026-01-05T14:18:33","slug":"1916-magyarorszag-kek-ketnyelvu-horvat-magyar-vojnic-p-u-kldv-kek-postaugynokseg-belyegzes-pu-rrr-nagyon-nagyon-ritka","status":"publish","type":"product","link":"https:\/\/stampcurio.com\/hu\/termek\/1916-magyarorszag-kek-ketnyelvu-horvat-magyar-vojnic-p-u-kldv-kek-postaugynokseg-belyegzes-pu-rrr-nagyon-nagyon-ritka\/","title":{"rendered":"1916 Magyarorsz\u00e1g &#8211; k\u00e9k k\u00e9tnyelv\u0171 horv\u00e1t &#8211; magyar VOJNI\u0106 P.U.-KLDV. k\u00e9k posta\u00fcgyn\u00f6ks\u00e9g b\u00e9lyegz\u00e9s | P\u00dc: RRR (nagyon nagyon ritka)"},"content":{"rendered":"","protected":false},"excerpt":{"rendered":"","protected":false},"featured_media":30606,"template":"","meta":[],"product_brand":[],"product_cat":[1275,1192,1172],"product_tag":[1669,1041,1269,1006],"class_list":{"0":"post-27052","1":"product","2":"type-product","3":"status-publish","4":"has-post-thumbnail","6":"product_cat-fiume","7":"product_cat-horvatorszag","8":"product_cat-magyarorszag","9":"product_tag-3rd-auction","10":"product_tag-marcophily-hu","11":"product_tag-postaugynokseg","12":"product_tag-unsold","14":"first","15":"instock","16":"sold-individually","17":"shipping-taxable","18":"purchasable","19":"product-type-simple"},"_links":{"self":[{"href":"https:\/\/stampcurio.com\/hu\/wp-json\/wp\/v2\/product\/27052","targetHints":{"allow":["GET"]}}],"collection":[{"href":"https:\/\/stampcurio.com\/hu\/wp-json\/wp\/v2\/product"}],"about":[{"href":"https:\/\/stampcurio.com\/hu\/wp-json\/wp\/v2\/types\/product"}],"wp:featuredmedia":[{"embeddable":true,"href":"https:\/\/stampcurio.com\/hu\/wp-json\/wp\/v2\/media\/30606"}],"wp:attachment":[{"href":"https:\/\/stampcurio.com\/hu\/wp-json\/wp\/v2\/media?parent=27052"}],"wp:term":[{"taxonomy":"product_brand","embeddable":true,"href":"https:\/\/stampcurio.com\/hu\/wp-json\/wp\/v2\/product_brand?post=27052"},{"taxonomy":"product_cat","embeddable":true,"href":"https:\/\/stampcurio.com\/hu\/wp-json\/wp\/v2\/product_cat?post=27052"},{"taxonomy":"product_tag","embeddable":true,"href":"https:\/\/stampcurio.com\/hu\/wp-json\/wp\/v2\/product_tag?post=27052"}],"curies":[{"name":"wp","href":"https:\/\/api.w.org\/{rel}","templated":true}]}}