{"id":27051,"date":"2025-11-24T16:26:48","date_gmt":"2025-11-24T15:26:48","guid":{"rendered":"https:\/\/stampcurio.com\/product\/1920-magyarorszag-vukmanic-postaugynokseg-belyegzes-kek-shs-belyegen-rr\/"},"modified":"2025-12-05T04:04:19","modified_gmt":"2025-12-05T03:04:19","slug":"1920-shs-kek-vukmanic-postaugynokseg-belyegzes-pu-rr-nagyon-ritka","status":"publish","type":"product","link":"https:\/\/stampcurio.com\/hu\/termek\/1920-shs-kek-vukmanic-postaugynokseg-belyegzes-pu-rr-nagyon-ritka\/","title":{"rendered":"1920 SHS &#8211; k\u00e9k VUKMANI\u0106 posta\u00fcgyn\u00f6ks\u00e9g b\u00e9lyegz\u00e9s | P\u00dc: RR (nagyon ritka)"},"content":{"rendered":"","protected":false},"excerpt":{"rendered":"","protected":false},"featured_media":31651,"template":"","meta":[],"product_brand":[],"product_cat":[1275,1192,1694,1172],"product_tag":[1669,1041,1269],"class_list":{"0":"post-27051","1":"product","2":"type-product","3":"status-publish","4":"has-post-thumbnail","6":"product_cat-fiume","7":"product_cat-horvatorszag","8":"product_cat-jugoszlavia","9":"product_cat-magyarorszag","10":"product_tag-3rd-auction","11":"product_tag-marcophily-hu","12":"product_tag-postaugynokseg","14":"first","15":"outofstock","16":"sold-individually","17":"shipping-taxable","18":"purchasable","19":"product-type-simple"},"_links":{"self":[{"href":"https:\/\/stampcurio.com\/hu\/wp-json\/wp\/v2\/product\/27051","targetHints":{"allow":["GET"]}}],"collection":[{"href":"https:\/\/stampcurio.com\/hu\/wp-json\/wp\/v2\/product"}],"about":[{"href":"https:\/\/stampcurio.com\/hu\/wp-json\/wp\/v2\/types\/product"}],"wp:featuredmedia":[{"embeddable":true,"href":"https:\/\/stampcurio.com\/hu\/wp-json\/wp\/v2\/media\/31651"}],"wp:attachment":[{"href":"https:\/\/stampcurio.com\/hu\/wp-json\/wp\/v2\/media?parent=27051"}],"wp:term":[{"taxonomy":"product_brand","embeddable":true,"href":"https:\/\/stampcurio.com\/hu\/wp-json\/wp\/v2\/product_brand?post=27051"},{"taxonomy":"product_cat","embeddable":true,"href":"https:\/\/stampcurio.com\/hu\/wp-json\/wp\/v2\/product_cat?post=27051"},{"taxonomy":"product_tag","embeddable":true,"href":"https:\/\/stampcurio.com\/hu\/wp-json\/wp\/v2\/product_tag?post=27051"}],"curies":[{"name":"wp","href":"https:\/\/api.w.org\/{rel}","templated":true}]}}