{"id":27050,"date":"2025-11-24T16:26:48","date_gmt":"2025-11-24T15:26:48","guid":{"rendered":"https:\/\/stampcurio.com\/product\/1913-magyarorszag-kamanje-postaugynokseg-belyegzes-pu-rr\/"},"modified":"2026-01-05T15:18:33","modified_gmt":"2026-01-05T14:18:33","slug":"1913-magyarorszag-ketnyelvu-horvat-magyar-kamanje-postaugynokseg-belyegzes-pu-rr-nagyon-ritka","status":"publish","type":"product","link":"https:\/\/stampcurio.com\/hu\/termek\/1913-magyarorszag-ketnyelvu-horvat-magyar-kamanje-postaugynokseg-belyegzes-pu-rr-nagyon-ritka\/","title":{"rendered":"1913 Magyarorsz\u00e1g &#8211; k\u00e9tnyelv\u0171 horv\u00e1t &#8211; magyar KAMANJE posta\u00fcgyn\u00f6ks\u00e9g b\u00e9lyegz\u00e9s | P\u00dc: RR (nagyon ritka)"},"content":{"rendered":"","protected":false},"excerpt":{"rendered":"","protected":false},"featured_media":30602,"template":"","meta":[],"product_brand":[],"product_cat":[1192,1172],"product_tag":[1669,1041,1269,1006],"class_list":{"0":"post-27050","1":"product","2":"type-product","3":"status-publish","4":"has-post-thumbnail","6":"product_cat-horvatorszag","7":"product_cat-magyarorszag","8":"product_tag-3rd-auction","9":"product_tag-marcophily-hu","10":"product_tag-postaugynokseg","11":"product_tag-unsold","13":"first","14":"instock","15":"sold-individually","16":"shipping-taxable","17":"purchasable","18":"product-type-simple"},"_links":{"self":[{"href":"https:\/\/stampcurio.com\/hu\/wp-json\/wp\/v2\/product\/27050","targetHints":{"allow":["GET"]}}],"collection":[{"href":"https:\/\/stampcurio.com\/hu\/wp-json\/wp\/v2\/product"}],"about":[{"href":"https:\/\/stampcurio.com\/hu\/wp-json\/wp\/v2\/types\/product"}],"wp:featuredmedia":[{"embeddable":true,"href":"https:\/\/stampcurio.com\/hu\/wp-json\/wp\/v2\/media\/30602"}],"wp:attachment":[{"href":"https:\/\/stampcurio.com\/hu\/wp-json\/wp\/v2\/media?parent=27050"}],"wp:term":[{"taxonomy":"product_brand","embeddable":true,"href":"https:\/\/stampcurio.com\/hu\/wp-json\/wp\/v2\/product_brand?post=27050"},{"taxonomy":"product_cat","embeddable":true,"href":"https:\/\/stampcurio.com\/hu\/wp-json\/wp\/v2\/product_cat?post=27050"},{"taxonomy":"product_tag","embeddable":true,"href":"https:\/\/stampcurio.com\/hu\/wp-json\/wp\/v2\/product_tag?post=27050"}],"curies":[{"name":"wp","href":"https:\/\/api.w.org\/{rel}","templated":true}]}}