{"id":27049,"date":"2025-11-24T16:26:48","date_gmt":"2025-11-24T15:26:48","guid":{"rendered":"https:\/\/stampcurio.com\/product\/1870-magyarorszag-5-kr-okmanybelyeg-hartya-papiron-az-alapnyomat-kettosnyomataval-rrr\/"},"modified":"2025-12-05T04:04:18","modified_gmt":"2025-12-05T03:04:18","slug":"1870-magyarorszag-5-kr-okmanybelyeg-hartya-papiron-az-alapnyomat-kettosnyomataval","status":"publish","type":"product","link":"https:\/\/stampcurio.com\/hu\/termek\/1870-magyarorszag-5-kr-okmanybelyeg-hartya-papiron-az-alapnyomat-kettosnyomataval\/","title":{"rendered":"1870 Magyarorsz\u00e1g &#8211; 5 kr okm\u00e1nyb\u00e9lyeg h\u00e1rtya pap\u00edron az alapnyomat kett\u0151snyomat\u00e1val"},"content":{"rendered":"","protected":false},"excerpt":{"rendered":"","protected":false},"featured_media":33073,"template":"","meta":[],"product_brand":[],"product_cat":[1172],"product_tag":[1669,282,217],"class_list":{"0":"post-27049","1":"product","2":"type-product","3":"status-publish","4":"has-post-thumbnail","6":"product_cat-magyarorszag","7":"product_tag-3rd-auction","8":"product_tag-okmanybelyeg","9":"product_tag-tevnyomat","11":"first","12":"outofstock","13":"sold-individually","14":"shipping-taxable","15":"purchasable","16":"product-type-simple"},"_links":{"self":[{"href":"https:\/\/stampcurio.com\/hu\/wp-json\/wp\/v2\/product\/27049","targetHints":{"allow":["GET"]}}],"collection":[{"href":"https:\/\/stampcurio.com\/hu\/wp-json\/wp\/v2\/product"}],"about":[{"href":"https:\/\/stampcurio.com\/hu\/wp-json\/wp\/v2\/types\/product"}],"wp:featuredmedia":[{"embeddable":true,"href":"https:\/\/stampcurio.com\/hu\/wp-json\/wp\/v2\/media\/33073"}],"wp:attachment":[{"href":"https:\/\/stampcurio.com\/hu\/wp-json\/wp\/v2\/media?parent=27049"}],"wp:term":[{"taxonomy":"product_brand","embeddable":true,"href":"https:\/\/stampcurio.com\/hu\/wp-json\/wp\/v2\/product_brand?post=27049"},{"taxonomy":"product_cat","embeddable":true,"href":"https:\/\/stampcurio.com\/hu\/wp-json\/wp\/v2\/product_cat?post=27049"},{"taxonomy":"product_tag","embeddable":true,"href":"https:\/\/stampcurio.com\/hu\/wp-json\/wp\/v2\/product_tag?post=27049"}],"curies":[{"name":"wp","href":"https:\/\/api.w.org\/{rel}","templated":true}]}}