{"id":27048,"date":"2025-11-24T16:26:47","date_gmt":"2025-11-24T15:26:47","guid":{"rendered":"https:\/\/stampcurio.com\/product\/1870-magyarorszag-6-ft-okmanybelyeg-hartya-papiron-mbk-100-eur-szucs-300-eur\/"},"modified":"2026-01-05T15:18:33","modified_gmt":"2026-01-05T14:18:33","slug":"1870-magyarorszag-6-ft-okmanybelyeg-hartya-papiron-szucs-300-eur","status":"publish","type":"product","link":"https:\/\/stampcurio.com\/hu\/termek\/1870-magyarorszag-6-ft-okmanybelyeg-hartya-papiron-szucs-300-eur\/","title":{"rendered":"1870 Magyarorsz\u00e1g &#8211; 6 Ft okm\u00e1nyb\u00e9lyeg h\u00e1rtya pap\u00edron | Sz\u0171cs: 300 EUR"},"content":{"rendered":"","protected":false},"excerpt":{"rendered":"","protected":false},"featured_media":32899,"template":"","meta":[],"product_brand":[],"product_cat":[1172],"product_tag":[1669,282,1006],"class_list":{"0":"post-27048","1":"product","2":"type-product","3":"status-publish","4":"has-post-thumbnail","6":"product_cat-magyarorszag","7":"product_tag-3rd-auction","8":"product_tag-okmanybelyeg","9":"product_tag-unsold","11":"first","12":"instock","13":"sold-individually","14":"shipping-taxable","15":"purchasable","16":"product-type-simple"},"_links":{"self":[{"href":"https:\/\/stampcurio.com\/hu\/wp-json\/wp\/v2\/product\/27048","targetHints":{"allow":["GET"]}}],"collection":[{"href":"https:\/\/stampcurio.com\/hu\/wp-json\/wp\/v2\/product"}],"about":[{"href":"https:\/\/stampcurio.com\/hu\/wp-json\/wp\/v2\/types\/product"}],"wp:featuredmedia":[{"embeddable":true,"href":"https:\/\/stampcurio.com\/hu\/wp-json\/wp\/v2\/media\/32899"}],"wp:attachment":[{"href":"https:\/\/stampcurio.com\/hu\/wp-json\/wp\/v2\/media?parent=27048"}],"wp:term":[{"taxonomy":"product_brand","embeddable":true,"href":"https:\/\/stampcurio.com\/hu\/wp-json\/wp\/v2\/product_brand?post=27048"},{"taxonomy":"product_cat","embeddable":true,"href":"https:\/\/stampcurio.com\/hu\/wp-json\/wp\/v2\/product_cat?post=27048"},{"taxonomy":"product_tag","embeddable":true,"href":"https:\/\/stampcurio.com\/hu\/wp-json\/wp\/v2\/product_tag?post=27048"}],"curies":[{"name":"wp","href":"https:\/\/api.w.org\/{rel}","templated":true}]}}