{"id":27047,"date":"2025-11-24T16:26:47","date_gmt":"2025-11-24T15:26:47","guid":{"rendered":"https:\/\/stampcurio.com\/product\/1931-ausztria-nemet-helyi-level-ausztriaba-tovabbkuldve-1-groschni-portozaskent-provizorikusan-felhasznalva\/"},"modified":"2025-12-05T04:04:19","modified_gmt":"2025-12-05T03:04:19","slug":"1931-ausztria-nemetorszagbol-ausztriaba-erkezett-portozott-boritek-az-1-gr-belyeg-provizorikusan-portobelyegkent-felhasznalva","status":"publish","type":"product","link":"https:\/\/stampcurio.com\/hu\/termek\/1931-ausztria-nemetorszagbol-ausztriaba-erkezett-portozott-boritek-az-1-gr-belyeg-provizorikusan-portobelyegkent-felhasznalva\/","title":{"rendered":"1931 Ausztria &#8211; N\u00e9metorsz\u00e1gb\u00f3l Ausztri\u00e1ba \u00e9rkezett port\u00f3zott bor\u00edt\u00e9k &#8211; az 1 Gr b\u00e9lyeg proviz\u00f3rikusan port\u00f3b\u00e9lyegk\u00e9nt felhaszn\u00e1lva"},"content":{"rendered":"","protected":false},"excerpt":{"rendered":"","protected":false},"featured_media":27942,"template":"","meta":[],"product_brand":[],"product_cat":[1178,1175],"product_tag":[1669,116,108,89,256],"class_list":{"0":"post-27047","1":"product","2":"type-product","3":"status-publish","4":"has-post-thumbnail","6":"product_cat-ausztria","7":"product_cat-nemetorszag","8":"product_tag-3rd-auction","9":"product_tag-belyeg","10":"product_tag-porto","11":"product_tag-postatortenet","12":"product_tag-provizorium","14":"first","15":"outofstock","16":"sold-individually","17":"shipping-taxable","18":"purchasable","19":"product-type-simple"},"_links":{"self":[{"href":"https:\/\/stampcurio.com\/hu\/wp-json\/wp\/v2\/product\/27047","targetHints":{"allow":["GET"]}}],"collection":[{"href":"https:\/\/stampcurio.com\/hu\/wp-json\/wp\/v2\/product"}],"about":[{"href":"https:\/\/stampcurio.com\/hu\/wp-json\/wp\/v2\/types\/product"}],"wp:featuredmedia":[{"embeddable":true,"href":"https:\/\/stampcurio.com\/hu\/wp-json\/wp\/v2\/media\/27942"}],"wp:attachment":[{"href":"https:\/\/stampcurio.com\/hu\/wp-json\/wp\/v2\/media?parent=27047"}],"wp:term":[{"taxonomy":"product_brand","embeddable":true,"href":"https:\/\/stampcurio.com\/hu\/wp-json\/wp\/v2\/product_brand?post=27047"},{"taxonomy":"product_cat","embeddable":true,"href":"https:\/\/stampcurio.com\/hu\/wp-json\/wp\/v2\/product_cat?post=27047"},{"taxonomy":"product_tag","embeddable":true,"href":"https:\/\/stampcurio.com\/hu\/wp-json\/wp\/v2\/product_tag?post=27047"}],"curies":[{"name":"wp","href":"https:\/\/api.w.org\/{rel}","templated":true}]}}