{"id":27046,"date":"2025-11-24T16:26:46","date_gmt":"2025-11-24T15:26:46","guid":{"rendered":"https:\/\/stampcurio.com\/product\/1840-ausztria-ddsg-szallitolevel-pest-semlin\/"},"modified":"2025-12-05T04:04:20","modified_gmt":"2025-12-05T03:04:20","slug":"1840-ausztria-korai-ddsg-szallitolevel-pestrol-semlinbe-kuldott-csomagrol","status":"publish","type":"product","link":"https:\/\/stampcurio.com\/hu\/termek\/1840-ausztria-korai-ddsg-szallitolevel-pestrol-semlinbe-kuldott-csomagrol\/","title":{"rendered":"1840 Ausztria &#8211; korai DDSG sz\u00e1ll\u00edt\u00f3lev\u00e9l Pestr\u0151l Semlinbe k\u00fcld\u00f6tt csomagr\u00f3l"},"content":{"rendered":"","protected":false},"excerpt":{"rendered":"","protected":false},"featured_media":27876,"template":"","meta":[],"product_brand":[],"product_cat":[1178,1172,1245],"product_tag":[1669,323,157],"class_list":{"0":"post-27046","1":"product","2":"type-product","3":"status-publish","4":"has-post-thumbnail","6":"product_cat-ausztria","7":"product_cat-magyarorszag","8":"product_cat-szerbia","9":"product_tag-3rd-auction","10":"product_tag-ddsg","11":"product_tag-szallitolevel","13":"first","14":"outofstock","15":"sold-individually","16":"shipping-taxable","17":"purchasable","18":"product-type-simple"},"_links":{"self":[{"href":"https:\/\/stampcurio.com\/hu\/wp-json\/wp\/v2\/product\/27046","targetHints":{"allow":["GET"]}}],"collection":[{"href":"https:\/\/stampcurio.com\/hu\/wp-json\/wp\/v2\/product"}],"about":[{"href":"https:\/\/stampcurio.com\/hu\/wp-json\/wp\/v2\/types\/product"}],"wp:featuredmedia":[{"embeddable":true,"href":"https:\/\/stampcurio.com\/hu\/wp-json\/wp\/v2\/media\/27876"}],"wp:attachment":[{"href":"https:\/\/stampcurio.com\/hu\/wp-json\/wp\/v2\/media?parent=27046"}],"wp:term":[{"taxonomy":"product_brand","embeddable":true,"href":"https:\/\/stampcurio.com\/hu\/wp-json\/wp\/v2\/product_brand?post=27046"},{"taxonomy":"product_cat","embeddable":true,"href":"https:\/\/stampcurio.com\/hu\/wp-json\/wp\/v2\/product_cat?post=27046"},{"taxonomy":"product_tag","embeddable":true,"href":"https:\/\/stampcurio.com\/hu\/wp-json\/wp\/v2\/product_tag?post=27046"}],"curies":[{"name":"wp","href":"https:\/\/api.w.org\/{rel}","templated":true}]}}