{"id":27045,"date":"2025-11-24T16:26:46","date_gmt":"2025-11-24T15:26:46","guid":{"rendered":"https:\/\/stampcurio.com\/product\/1897-labuan-ajanlott-boritek-londonba-kuldve\/"},"modified":"2026-01-05T15:18:34","modified_gmt":"2026-01-05T14:18:34","slug":"1897-eszak-borneo-labuan-ajanlott-boritek-londonba-kuldve","status":"publish","type":"product","link":"https:\/\/stampcurio.com\/hu\/termek\/1897-eszak-borneo-labuan-ajanlott-boritek-londonba-kuldve\/","title":{"rendered":"1897 \u00c9szak Borneo &#8211; Labuan &#8211; aj\u00e1nlott bor\u00edt\u00e9k Londonba k\u00fcldve"},"content":{"rendered":"","protected":false},"excerpt":{"rendered":"","protected":false},"featured_media":27887,"template":"","meta":[],"product_brand":[],"product_cat":[1186,1729,1673,1214],"product_tag":[1669,116,89,1006],"class_list":{"0":"post-27045","1":"product","2":"type-product","3":"status-publish","4":"has-post-thumbnail","6":"product_cat-brit-birodalom","7":"product_cat-eszak-borneo","8":"product_cat-labuan","9":"product_cat-malajzia","10":"product_tag-3rd-auction","11":"product_tag-belyeg","12":"product_tag-postatortenet","13":"product_tag-unsold","15":"first","16":"instock","17":"sold-individually","18":"shipping-taxable","19":"purchasable","20":"product-type-simple"},"_links":{"self":[{"href":"https:\/\/stampcurio.com\/hu\/wp-json\/wp\/v2\/product\/27045","targetHints":{"allow":["GET"]}}],"collection":[{"href":"https:\/\/stampcurio.com\/hu\/wp-json\/wp\/v2\/product"}],"about":[{"href":"https:\/\/stampcurio.com\/hu\/wp-json\/wp\/v2\/types\/product"}],"wp:featuredmedia":[{"embeddable":true,"href":"https:\/\/stampcurio.com\/hu\/wp-json\/wp\/v2\/media\/27887"}],"wp:attachment":[{"href":"https:\/\/stampcurio.com\/hu\/wp-json\/wp\/v2\/media?parent=27045"}],"wp:term":[{"taxonomy":"product_brand","embeddable":true,"href":"https:\/\/stampcurio.com\/hu\/wp-json\/wp\/v2\/product_brand?post=27045"},{"taxonomy":"product_cat","embeddable":true,"href":"https:\/\/stampcurio.com\/hu\/wp-json\/wp\/v2\/product_cat?post=27045"},{"taxonomy":"product_tag","embeddable":true,"href":"https:\/\/stampcurio.com\/hu\/wp-json\/wp\/v2\/product_tag?post=27045"}],"curies":[{"name":"wp","href":"https:\/\/api.w.org\/{rel}","templated":true}]}}