{"id":27044,"date":"2025-11-24T16:26:46","date_gmt":"2025-11-24T15:26:46","guid":{"rendered":"https:\/\/stampcurio.com\/product\/1850-ausztria-milanoba-kuldott-2-sulyu-nyomtatvany\/"},"modified":"2026-01-05T15:18:34","modified_gmt":"2026-01-05T14:18:34","slug":"1850-ausztria-magyarorszag-lombard-velencebe-milano-kuldott-2-sulyu-nyomtatvany-nagyon-ritka-kuldemenyfajta-a-magyar-teruletrol-lombardiaba-kuldott-nyomtatvanyok-eleve-ritkak-de-masodik-sul","status":"publish","type":"product","link":"https:\/\/stampcurio.com\/hu\/termek\/1850-ausztria-magyarorszag-lombard-velencebe-milano-kuldott-2-sulyu-nyomtatvany-nagyon-ritka-kuldemenyfajta-a-magyar-teruletrol-lombardiaba-kuldott-nyomtatvanyok-eleve-ritkak-de-masodik-sul\/","title":{"rendered":"1850 Ausztria &#8211; Magyarorsz\u00e1g &#8211; Lombard-Velenc\u00e9be (Mil\u00e1n\u00f3) k\u00fcld\u00f6tt 2. s\u00faly\u00fa nyomtatv\u00e1ny &#8211; nagyon ritka k\u00fcldem\u00e9nyfajta: a magyar ter\u00fcletr\u0151l Lombardi\u00e1ba k\u00fcld\u00f6tt nyomtatv\u00e1nyok eleve ritk\u00e1k, de m\u00e1sodik s\u00faly\u00fa nyomtatv\u00e1nyb\u00f3l csak kevesebb mint 3 darabot ismer\u00fcnk"},"content":{"rendered":"","protected":false},"excerpt":{"rendered":"","protected":false},"featured_media":35697,"template":"","meta":[],"product_brand":[],"product_cat":[1178,1172,1183],"product_tag":[1669,116,176,89,1006],"class_list":{"0":"post-27044","1":"product","2":"type-product","3":"status-publish","4":"has-post-thumbnail","6":"product_cat-ausztria","7":"product_cat-magyarorszag","8":"product_cat-olaszorszag","9":"product_tag-3rd-auction","10":"product_tag-belyeg","11":"product_tag-philagem","12":"product_tag-postatortenet","13":"product_tag-unsold","15":"first","16":"instock","17":"sold-individually","18":"shipping-taxable","19":"purchasable","20":"product-type-simple"},"_links":{"self":[{"href":"https:\/\/stampcurio.com\/hu\/wp-json\/wp\/v2\/product\/27044","targetHints":{"allow":["GET"]}}],"collection":[{"href":"https:\/\/stampcurio.com\/hu\/wp-json\/wp\/v2\/product"}],"about":[{"href":"https:\/\/stampcurio.com\/hu\/wp-json\/wp\/v2\/types\/product"}],"wp:featuredmedia":[{"embeddable":true,"href":"https:\/\/stampcurio.com\/hu\/wp-json\/wp\/v2\/media\/35697"}],"wp:attachment":[{"href":"https:\/\/stampcurio.com\/hu\/wp-json\/wp\/v2\/media?parent=27044"}],"wp:term":[{"taxonomy":"product_brand","embeddable":true,"href":"https:\/\/stampcurio.com\/hu\/wp-json\/wp\/v2\/product_brand?post=27044"},{"taxonomy":"product_cat","embeddable":true,"href":"https:\/\/stampcurio.com\/hu\/wp-json\/wp\/v2\/product_cat?post=27044"},{"taxonomy":"product_tag","embeddable":true,"href":"https:\/\/stampcurio.com\/hu\/wp-json\/wp\/v2\/product_tag?post=27044"}],"curies":[{"name":"wp","href":"https:\/\/api.w.org\/{rel}","templated":true}]}}