{"id":27043,"date":"2025-11-24T16:26:45","date_gmt":"2025-11-24T15:26:45","guid":{"rendered":"https:\/\/stampcurio.com\/product\/1939-magyarorszag-soproni-tabori-kuldoncjarat-postatiszta-harmascsik-egy-erteken-gepszinatnyomat\/"},"modified":"2026-01-05T15:18:35","modified_gmt":"2026-01-05T14:18:35","slug":"1939-magyarorszag-soproni-tabori-kuldoncjarat-postatiszta-fuggoleges-harmascsik-ivszellel-egy-erteken-gepszinatnyomat","status":"publish","type":"product","link":"https:\/\/stampcurio.com\/hu\/termek\/1939-magyarorszag-soproni-tabori-kuldoncjarat-postatiszta-fuggoleges-harmascsik-ivszellel-egy-erteken-gepszinatnyomat\/","title":{"rendered":"1939 Magyarorsz\u00e1g &#8211; soproni t\u00e1bori k\u00fcld\u00f6ncj\u00e1rat postatiszta ** f\u00fcgg\u0151leges h\u00e1rmascs\u00edk \u00edvsz\u00e9llel, egy \u00e9rt\u00e9ken g\u00e9psz\u00edn\u00e1tnyomat"},"content":{"rendered":"","protected":false},"excerpt":{"rendered":"","protected":false},"featured_media":30584,"template":"","meta":[],"product_brand":[],"product_cat":[1172],"product_tag":[1669,116,217,1006],"class_list":{"0":"post-27043","1":"product","2":"type-product","3":"status-publish","4":"has-post-thumbnail","6":"product_cat-magyarorszag","7":"product_tag-3rd-auction","8":"product_tag-belyeg","9":"product_tag-tevnyomat","10":"product_tag-unsold","12":"first","13":"instock","14":"sold-individually","15":"shipping-taxable","16":"purchasable","17":"product-type-simple"},"_links":{"self":[{"href":"https:\/\/stampcurio.com\/hu\/wp-json\/wp\/v2\/product\/27043","targetHints":{"allow":["GET"]}}],"collection":[{"href":"https:\/\/stampcurio.com\/hu\/wp-json\/wp\/v2\/product"}],"about":[{"href":"https:\/\/stampcurio.com\/hu\/wp-json\/wp\/v2\/types\/product"}],"wp:featuredmedia":[{"embeddable":true,"href":"https:\/\/stampcurio.com\/hu\/wp-json\/wp\/v2\/media\/30584"}],"wp:attachment":[{"href":"https:\/\/stampcurio.com\/hu\/wp-json\/wp\/v2\/media?parent=27043"}],"wp:term":[{"taxonomy":"product_brand","embeddable":true,"href":"https:\/\/stampcurio.com\/hu\/wp-json\/wp\/v2\/product_brand?post=27043"},{"taxonomy":"product_cat","embeddable":true,"href":"https:\/\/stampcurio.com\/hu\/wp-json\/wp\/v2\/product_cat?post=27043"},{"taxonomy":"product_tag","embeddable":true,"href":"https:\/\/stampcurio.com\/hu\/wp-json\/wp\/v2\/product_tag?post=27043"}],"curies":[{"name":"wp","href":"https:\/\/api.w.org\/{rel}","templated":true}]}}