{"id":27041,"date":"2025-11-24T16:26:44","date_gmt":"2025-11-24T15:26:44","guid":{"rendered":"https:\/\/stampcurio.com\/product\/1871-magyarorszag-banat-komlos-lebelyegzes-gudlin-150\/"},"modified":"2025-12-05T04:04:22","modified_gmt":"2025-12-05T03:04:22","slug":"1871-magyarorszag-reznyomat-10-krajcar-banat-komlos-lebelyegzessel-gudlin-150-pont","status":"publish","type":"product","link":"https:\/\/stampcurio.com\/hu\/termek\/1871-magyarorszag-reznyomat-10-krajcar-banat-komlos-lebelyegzessel-gudlin-150-pont\/","title":{"rendered":"1871 Magyarorsz\u00e1g &#8211; r\u00e9znyomat 10 krajc\u00e1r B\u00c1N\u00c1T-KOML\u00d3S leb\u00e9lyegz\u00e9ssel | Gudlin: 150 pont"},"content":{"rendered":"","protected":false},"excerpt":{"rendered":"","protected":false},"featured_media":31645,"template":"","meta":[],"product_brand":[],"product_cat":[1172,1208],"product_tag":[1669,116,74,1041],"class_list":{"0":"post-27041","1":"product","2":"type-product","3":"status-publish","4":"has-post-thumbnail","6":"product_cat-magyarorszag","7":"product_cat-romania","8":"product_tag-3rd-auction","9":"product_tag-belyeg","10":"product_tag-dijjegyes","11":"product_tag-marcophily-hu","13":"first","14":"outofstock","15":"sold-individually","16":"shipping-taxable","17":"purchasable","18":"product-type-simple"},"_links":{"self":[{"href":"https:\/\/stampcurio.com\/hu\/wp-json\/wp\/v2\/product\/27041","targetHints":{"allow":["GET"]}}],"collection":[{"href":"https:\/\/stampcurio.com\/hu\/wp-json\/wp\/v2\/product"}],"about":[{"href":"https:\/\/stampcurio.com\/hu\/wp-json\/wp\/v2\/types\/product"}],"wp:featuredmedia":[{"embeddable":true,"href":"https:\/\/stampcurio.com\/hu\/wp-json\/wp\/v2\/media\/31645"}],"wp:attachment":[{"href":"https:\/\/stampcurio.com\/hu\/wp-json\/wp\/v2\/media?parent=27041"}],"wp:term":[{"taxonomy":"product_brand","embeddable":true,"href":"https:\/\/stampcurio.com\/hu\/wp-json\/wp\/v2\/product_brand?post=27041"},{"taxonomy":"product_cat","embeddable":true,"href":"https:\/\/stampcurio.com\/hu\/wp-json\/wp\/v2\/product_cat?post=27041"},{"taxonomy":"product_tag","embeddable":true,"href":"https:\/\/stampcurio.com\/hu\/wp-json\/wp\/v2\/product_tag?post=27041"}],"curies":[{"name":"wp","href":"https:\/\/api.w.org\/{rel}","templated":true}]}}