{"id":27040,"date":"2025-11-24T16:26:44","date_gmt":"2025-11-24T15:26:44","guid":{"rendered":"https:\/\/stampcurio.com\/product\/1921-magyarorszag-nyugat-magyarorszag-felkelo-magyarok-felulnyomas-koronas-madonna-50-es-100-kr-ertekein-mbk-300-eur\/"},"modified":"2025-12-05T04:04:22","modified_gmt":"2025-12-05T03:04:22","slug":"1921-magyarorszag-nyugat-magyarorszag-v-koronas-madonna-50-es-100-korona-postatiszta-ertekei-attest-bodor-phu-500-eur","status":"publish","type":"product","link":"https:\/\/stampcurio.com\/hu\/termek\/1921-magyarorszag-nyugat-magyarorszag-v-koronas-madonna-50-es-100-korona-postatiszta-ertekei-attest-bodor-phu-500-eur\/","title":{"rendered":"1921 Magyarorsz\u00e1g &#8211; Nyugat-Magyarorsz\u00e1g V.,  Koron\u00e1s Madonna 50 \u00e9s 100 korona postatiszta \u00e9rt\u00e9kei Attest: Bodor | PHu: 500 EUR"},"content":{"rendered":"","protected":false},"excerpt":{"rendered":"","protected":false},"featured_media":34335,"template":"","meta":[],"product_brand":[],"product_cat":[1178,1172],"product_tag":[1669,116,1332,176],"class_list":{"0":"post-27040","1":"product","2":"type-product","3":"status-publish","4":"has-post-thumbnail","6":"product_cat-ausztria","7":"product_cat-magyarorszag","8":"product_tag-3rd-auction","9":"product_tag-belyeg","10":"product_tag-helyi-kiadas","11":"product_tag-philagem","13":"first","14":"outofstock","15":"sold-individually","16":"shipping-taxable","17":"purchasable","18":"product-type-simple"},"_links":{"self":[{"href":"https:\/\/stampcurio.com\/hu\/wp-json\/wp\/v2\/product\/27040","targetHints":{"allow":["GET"]}}],"collection":[{"href":"https:\/\/stampcurio.com\/hu\/wp-json\/wp\/v2\/product"}],"about":[{"href":"https:\/\/stampcurio.com\/hu\/wp-json\/wp\/v2\/types\/product"}],"wp:featuredmedia":[{"embeddable":true,"href":"https:\/\/stampcurio.com\/hu\/wp-json\/wp\/v2\/media\/34335"}],"wp:attachment":[{"href":"https:\/\/stampcurio.com\/hu\/wp-json\/wp\/v2\/media?parent=27040"}],"wp:term":[{"taxonomy":"product_brand","embeddable":true,"href":"https:\/\/stampcurio.com\/hu\/wp-json\/wp\/v2\/product_brand?post=27040"},{"taxonomy":"product_cat","embeddable":true,"href":"https:\/\/stampcurio.com\/hu\/wp-json\/wp\/v2\/product_cat?post=27040"},{"taxonomy":"product_tag","embeddable":true,"href":"https:\/\/stampcurio.com\/hu\/wp-json\/wp\/v2\/product_tag?post=27040"}],"curies":[{"name":"wp","href":"https:\/\/api.w.org\/{rel}","templated":true}]}}