{"id":27039,"date":"2025-11-24T16:26:44","date_gmt":"2025-11-24T15:26:44","guid":{"rendered":"https:\/\/stampcurio.com\/product\/1919-magyarorszag-arad-6\/"},"modified":"2026-01-05T15:18:35","modified_gmt":"2026-01-05T14:18:35","slug":"1919-romania-magyarorszag-francia-megszallas-aradi-felulnyomasu-belyegei-koznapi-ajanlott-helyi-levelezolapon-attest-bodor","status":"publish","type":"product","link":"https:\/\/stampcurio.com\/hu\/termek\/1919-romania-magyarorszag-francia-megszallas-aradi-felulnyomasu-belyegei-koznapi-ajanlott-helyi-levelezolapon-attest-bodor\/","title":{"rendered":"1919 Rom\u00e1nia &#8211; Magyarorsz\u00e1g &#8211; Francia megsz\u00e1ll\u00e1s aradi fel\u00fclnyom\u00e1s\u00fa b\u00e9lyegei k\u00f6znapi (!) aj\u00e1nlott helyi levelez\u0151lapon &#8211; Attest Bodor"},"content":{"rendered":"","protected":false},"excerpt":{"rendered":"<p>A levelez\u0151lapot egy \u00fcgyv\u00e9d k\u00fcldte a klinens\u00e9nek: &#8220;Tisztelettel felk\u00e9rem, hogy \u00fcgy\u00e9ben engem\u00a0 foly\u00f3 h\u00f3 14-\u00e9n &#8230; irod\u00e1mban felkeresni sziveskedj\u00e9k&#8221;<\/p>\n","protected":false},"featured_media":27889,"template":"","meta":[],"product_brand":[],"product_cat":[1181,1172,1208],"product_tag":[1669,116,233,1332,89,1006],"class_list":{"0":"post-27039","1":"product","2":"type-product","3":"status-publish","4":"has-post-thumbnail","6":"product_cat-franciaorszag","7":"product_cat-magyarorszag","8":"product_cat-romania","9":"product_tag-3rd-auction","10":"product_tag-belyeg","11":"product_tag-cenzura","12":"product_tag-helyi-kiadas","13":"product_tag-postatortenet","14":"product_tag-unsold","16":"first","17":"instock","18":"sold-individually","19":"shipping-taxable","20":"purchasable","21":"product-type-simple"},"_links":{"self":[{"href":"https:\/\/stampcurio.com\/hu\/wp-json\/wp\/v2\/product\/27039","targetHints":{"allow":["GET"]}}],"collection":[{"href":"https:\/\/stampcurio.com\/hu\/wp-json\/wp\/v2\/product"}],"about":[{"href":"https:\/\/stampcurio.com\/hu\/wp-json\/wp\/v2\/types\/product"}],"wp:featuredmedia":[{"embeddable":true,"href":"https:\/\/stampcurio.com\/hu\/wp-json\/wp\/v2\/media\/27889"}],"wp:attachment":[{"href":"https:\/\/stampcurio.com\/hu\/wp-json\/wp\/v2\/media?parent=27039"}],"wp:term":[{"taxonomy":"product_brand","embeddable":true,"href":"https:\/\/stampcurio.com\/hu\/wp-json\/wp\/v2\/product_brand?post=27039"},{"taxonomy":"product_cat","embeddable":true,"href":"https:\/\/stampcurio.com\/hu\/wp-json\/wp\/v2\/product_cat?post=27039"},{"taxonomy":"product_tag","embeddable":true,"href":"https:\/\/stampcurio.com\/hu\/wp-json\/wp\/v2\/product_tag?post=27039"}],"curies":[{"name":"wp","href":"https:\/\/api.w.org\/{rel}","templated":true}]}}