{"id":27035,"date":"2025-11-24T16:26:39","date_gmt":"2025-11-24T15:26:39","guid":{"rendered":"https:\/\/stampcurio.com\/product\/1919-magyarorszag-arad-2\/"},"modified":"2026-01-05T15:18:36","modified_gmt":"2026-01-05T14:18:36","slug":"1919-romania-arad-helyi-ajanlott-ceges-boritek-a-francia-megszallas-belyegeivel-a-surgos-belyegen-felfele-elcsuszott-felulnyomassal-attest-bodor","status":"publish","type":"product","link":"https:\/\/stampcurio.com\/hu\/termek\/1919-romania-arad-helyi-ajanlott-ceges-boritek-a-francia-megszallas-belyegeivel-a-surgos-belyegen-felfele-elcsuszott-felulnyomassal-attest-bodor\/","title":{"rendered":"1919 Rom\u00e1nia \u2013 Arad helyi aj\u00e1nlott c\u00e9ges bor\u00edt\u00e9k a francia megsz\u00e1ll\u00e1s b\u00e9lyegeivel. A s\u00fcrg\u0151s b\u00e9lyegen felfel\u00e9 elcs\u00faszott fel\u00fclnyom\u00e1ssal. &#8211; Attest Bodor"},"content":{"rendered":"","protected":false},"excerpt":{"rendered":"","protected":false},"featured_media":36405,"template":"","meta":[],"product_brand":[],"product_cat":[1181,1172,1208],"product_tag":[1669,116,1332,89,217,1006],"class_list":{"0":"post-27035","1":"product","2":"type-product","3":"status-publish","4":"has-post-thumbnail","6":"product_cat-franciaorszag","7":"product_cat-magyarorszag","8":"product_cat-romania","9":"product_tag-3rd-auction","10":"product_tag-belyeg","11":"product_tag-helyi-kiadas","12":"product_tag-postatortenet","13":"product_tag-tevnyomat","14":"product_tag-unsold","16":"first","17":"instock","18":"sold-individually","19":"shipping-taxable","20":"purchasable","21":"product-type-simple"},"_links":{"self":[{"href":"https:\/\/stampcurio.com\/hu\/wp-json\/wp\/v2\/product\/27035","targetHints":{"allow":["GET"]}}],"collection":[{"href":"https:\/\/stampcurio.com\/hu\/wp-json\/wp\/v2\/product"}],"about":[{"href":"https:\/\/stampcurio.com\/hu\/wp-json\/wp\/v2\/types\/product"}],"wp:featuredmedia":[{"embeddable":true,"href":"https:\/\/stampcurio.com\/hu\/wp-json\/wp\/v2\/media\/36405"}],"wp:attachment":[{"href":"https:\/\/stampcurio.com\/hu\/wp-json\/wp\/v2\/media?parent=27035"}],"wp:term":[{"taxonomy":"product_brand","embeddable":true,"href":"https:\/\/stampcurio.com\/hu\/wp-json\/wp\/v2\/product_brand?post=27035"},{"taxonomy":"product_cat","embeddable":true,"href":"https:\/\/stampcurio.com\/hu\/wp-json\/wp\/v2\/product_cat?post=27035"},{"taxonomy":"product_tag","embeddable":true,"href":"https:\/\/stampcurio.com\/hu\/wp-json\/wp\/v2\/product_tag?post=27035"}],"curies":[{"name":"wp","href":"https:\/\/api.w.org\/{rel}","templated":true}]}}