{"id":27034,"date":"2025-11-24T16:26:39","date_gmt":"2025-11-24T15:26:39","guid":{"rendered":"https:\/\/stampcurio.com\/product\/1919-magyarorszag-arad\/"},"modified":"2025-12-05T04:04:23","modified_gmt":"2025-12-05T03:04:23","slug":"1919-romania-arad-buziasfurdon-feladott-tavolsagi-tobbszorosen-cenzurazott-ajanlott-boritek-a-francia-megszallas-belyegeivel-attest-bodor","status":"publish","type":"product","link":"https:\/\/stampcurio.com\/hu\/termek\/1919-romania-arad-buziasfurdon-feladott-tavolsagi-tobbszorosen-cenzurazott-ajanlott-boritek-a-francia-megszallas-belyegeivel-attest-bodor\/","title":{"rendered":"1919 Rom\u00e1nia \u2013 Arad &#8211; Buzi\u00e1sf\u00fcrd\u0151n feladott t\u00e1vols\u00e1gi t\u00f6bbsz\u00f6r\u00f6sen cenz\u00far\u00e1zott aj\u00e1nlott bor\u00edt\u00e9k a francia megsz\u00e1ll\u00e1s b\u00e9lyegeivel \u2013 Attest Bodor"},"content":{"rendered":"","protected":false},"excerpt":{"rendered":"","protected":false},"featured_media":27897,"template":"","meta":[],"product_brand":[],"product_cat":[1181,1172,1208],"product_tag":[1669,116,233,1332,89,217],"class_list":{"0":"post-27034","1":"product","2":"type-product","3":"status-publish","4":"has-post-thumbnail","6":"product_cat-franciaorszag","7":"product_cat-magyarorszag","8":"product_cat-romania","9":"product_tag-3rd-auction","10":"product_tag-belyeg","11":"product_tag-cenzura","12":"product_tag-helyi-kiadas","13":"product_tag-postatortenet","14":"product_tag-tevnyomat","16":"first","17":"outofstock","18":"sold-individually","19":"shipping-taxable","20":"purchasable","21":"product-type-simple"},"_links":{"self":[{"href":"https:\/\/stampcurio.com\/hu\/wp-json\/wp\/v2\/product\/27034","targetHints":{"allow":["GET"]}}],"collection":[{"href":"https:\/\/stampcurio.com\/hu\/wp-json\/wp\/v2\/product"}],"about":[{"href":"https:\/\/stampcurio.com\/hu\/wp-json\/wp\/v2\/types\/product"}],"wp:featuredmedia":[{"embeddable":true,"href":"https:\/\/stampcurio.com\/hu\/wp-json\/wp\/v2\/media\/27897"}],"wp:attachment":[{"href":"https:\/\/stampcurio.com\/hu\/wp-json\/wp\/v2\/media?parent=27034"}],"wp:term":[{"taxonomy":"product_brand","embeddable":true,"href":"https:\/\/stampcurio.com\/hu\/wp-json\/wp\/v2\/product_brand?post=27034"},{"taxonomy":"product_cat","embeddable":true,"href":"https:\/\/stampcurio.com\/hu\/wp-json\/wp\/v2\/product_cat?post=27034"},{"taxonomy":"product_tag","embeddable":true,"href":"https:\/\/stampcurio.com\/hu\/wp-json\/wp\/v2\/product_tag?post=27034"}],"curies":[{"name":"wp","href":"https:\/\/api.w.org\/{rel}","templated":true}]}}