{"id":27033,"date":"2025-11-24T16:26:38","date_gmt":"2025-11-24T15:26:38","guid":{"rendered":"https:\/\/stampcurio.com\/product\/1858-ausztria-50-kr-okmanybelyeg-reznyomat-a-kr-utan-hianyzik-a-pont\/"},"modified":"2025-12-05T04:04:24","modified_gmt":"2025-12-05T03:04:24","slug":"1858-ausztria-50-kr-okmanybelyeg-reznyomat-a-kr-utan-hianyzik-a-pont","status":"publish","type":"product","link":"https:\/\/stampcurio.com\/hu\/termek\/1858-ausztria-50-kr-okmanybelyeg-reznyomat-a-kr-utan-hianyzik-a-pont\/","title":{"rendered":"1858 Ausztria &#8211; 50 kr okm\u00e1nyb\u00e9lyeg r\u00e9znyomat, a kr ut\u00e1n hi\u00e1nyzik a pont"},"content":{"rendered":"","protected":false},"excerpt":{"rendered":"","protected":false},"featured_media":32885,"template":"","meta":[],"product_brand":[],"product_cat":[1178,1172],"product_tag":[1669,282,217],"class_list":{"0":"post-27033","1":"product","2":"type-product","3":"status-publish","4":"has-post-thumbnail","6":"product_cat-ausztria","7":"product_cat-magyarorszag","8":"product_tag-3rd-auction","9":"product_tag-okmanybelyeg","10":"product_tag-tevnyomat","12":"first","13":"outofstock","14":"sold-individually","15":"shipping-taxable","16":"purchasable","17":"product-type-simple"},"_links":{"self":[{"href":"https:\/\/stampcurio.com\/hu\/wp-json\/wp\/v2\/product\/27033","targetHints":{"allow":["GET"]}}],"collection":[{"href":"https:\/\/stampcurio.com\/hu\/wp-json\/wp\/v2\/product"}],"about":[{"href":"https:\/\/stampcurio.com\/hu\/wp-json\/wp\/v2\/types\/product"}],"wp:featuredmedia":[{"embeddable":true,"href":"https:\/\/stampcurio.com\/hu\/wp-json\/wp\/v2\/media\/32885"}],"wp:attachment":[{"href":"https:\/\/stampcurio.com\/hu\/wp-json\/wp\/v2\/media?parent=27033"}],"wp:term":[{"taxonomy":"product_brand","embeddable":true,"href":"https:\/\/stampcurio.com\/hu\/wp-json\/wp\/v2\/product_brand?post=27033"},{"taxonomy":"product_cat","embeddable":true,"href":"https:\/\/stampcurio.com\/hu\/wp-json\/wp\/v2\/product_cat?post=27033"},{"taxonomy":"product_tag","embeddable":true,"href":"https:\/\/stampcurio.com\/hu\/wp-json\/wp\/v2\/product_tag?post=27033"}],"curies":[{"name":"wp","href":"https:\/\/api.w.org\/{rel}","templated":true}]}}