{"id":27031,"date":"2025-11-24T16:26:37","date_gmt":"2025-11-24T15:26:37","guid":{"rendered":"https:\/\/stampcurio.com\/product\/1858-ausztria-7-kr-okmanybelyeg-konyvnyomas-az-ertekszam-kettosnyomataval\/"},"modified":"2025-12-05T04:04:25","modified_gmt":"2025-12-05T03:04:25","slug":"1858-ausztria-7-kr-okmanybelyeg-konyvnyomas-az-ertekszam-kettosnyomataval","status":"publish","type":"product","link":"https:\/\/stampcurio.com\/hu\/termek\/1858-ausztria-7-kr-okmanybelyeg-konyvnyomas-az-ertekszam-kettosnyomataval\/","title":{"rendered":"1858 Ausztria &#8211; 7 kr okm\u00e1nyb\u00e9lyeg k\u00f6nyvnyom\u00e1s az \u00e9rt\u00e9ksz\u00e1m kett\u0151snyomat\u00e1val"},"content":{"rendered":"","protected":false},"excerpt":{"rendered":"","protected":false},"featured_media":32891,"template":"","meta":[],"product_brand":[],"product_cat":[1178,1172],"product_tag":[1669,282,217],"class_list":{"0":"post-27031","1":"product","2":"type-product","3":"status-publish","4":"has-post-thumbnail","6":"product_cat-ausztria","7":"product_cat-magyarorszag","8":"product_tag-3rd-auction","9":"product_tag-okmanybelyeg","10":"product_tag-tevnyomat","12":"first","13":"outofstock","14":"sold-individually","15":"shipping-taxable","16":"purchasable","17":"product-type-simple"},"_links":{"self":[{"href":"https:\/\/stampcurio.com\/hu\/wp-json\/wp\/v2\/product\/27031","targetHints":{"allow":["GET"]}}],"collection":[{"href":"https:\/\/stampcurio.com\/hu\/wp-json\/wp\/v2\/product"}],"about":[{"href":"https:\/\/stampcurio.com\/hu\/wp-json\/wp\/v2\/types\/product"}],"wp:featuredmedia":[{"embeddable":true,"href":"https:\/\/stampcurio.com\/hu\/wp-json\/wp\/v2\/media\/32891"}],"wp:attachment":[{"href":"https:\/\/stampcurio.com\/hu\/wp-json\/wp\/v2\/media?parent=27031"}],"wp:term":[{"taxonomy":"product_brand","embeddable":true,"href":"https:\/\/stampcurio.com\/hu\/wp-json\/wp\/v2\/product_brand?post=27031"},{"taxonomy":"product_cat","embeddable":true,"href":"https:\/\/stampcurio.com\/hu\/wp-json\/wp\/v2\/product_cat?post=27031"},{"taxonomy":"product_tag","embeddable":true,"href":"https:\/\/stampcurio.com\/hu\/wp-json\/wp\/v2\/product_tag?post=27031"}],"curies":[{"name":"wp","href":"https:\/\/api.w.org\/{rel}","templated":true}]}}