{"id":27029,"date":"2025-11-24T16:26:37","date_gmt":"2025-11-24T15:26:37","guid":{"rendered":"https:\/\/stampcurio.com\/product\/1918-magyarorszag-adasevci-p-u-kldv-postaugynokseg-belyegzes-pu-rr\/"},"modified":"2025-12-05T04:04:25","modified_gmt":"2025-12-05T03:04:25","slug":"1918-magyarorszag-adasevci-p-u-kldv-postaugynokseg-belyegzes-pu-rr","status":"publish","type":"product","link":"https:\/\/stampcurio.com\/hu\/termek\/1918-magyarorszag-adasevci-p-u-kldv-postaugynokseg-belyegzes-pu-rr\/","title":{"rendered":"1918 Magyarorsz\u00e1g &#8211; ADA\u0160EVCI P.U.-KLDV. posta\u00fcgyn\u00f6ks\u00e9g b\u00e9lyegz\u00e9s | P\u00dc: RR"},"content":{"rendered":"","protected":false},"excerpt":{"rendered":"","protected":false},"featured_media":32909,"template":"","meta":[],"product_brand":[],"product_cat":[1172,1245],"product_tag":[1669,1041,1269],"class_list":{"0":"post-27029","1":"product","2":"type-product","3":"status-publish","4":"has-post-thumbnail","6":"product_cat-magyarorszag","7":"product_cat-szerbia","8":"product_tag-3rd-auction","9":"product_tag-marcophily-hu","10":"product_tag-postaugynokseg","12":"first","13":"outofstock","14":"sold-individually","15":"shipping-taxable","16":"purchasable","17":"product-type-simple"},"_links":{"self":[{"href":"https:\/\/stampcurio.com\/hu\/wp-json\/wp\/v2\/product\/27029","targetHints":{"allow":["GET"]}}],"collection":[{"href":"https:\/\/stampcurio.com\/hu\/wp-json\/wp\/v2\/product"}],"about":[{"href":"https:\/\/stampcurio.com\/hu\/wp-json\/wp\/v2\/types\/product"}],"wp:featuredmedia":[{"embeddable":true,"href":"https:\/\/stampcurio.com\/hu\/wp-json\/wp\/v2\/media\/32909"}],"wp:attachment":[{"href":"https:\/\/stampcurio.com\/hu\/wp-json\/wp\/v2\/media?parent=27029"}],"wp:term":[{"taxonomy":"product_brand","embeddable":true,"href":"https:\/\/stampcurio.com\/hu\/wp-json\/wp\/v2\/product_brand?post=27029"},{"taxonomy":"product_cat","embeddable":true,"href":"https:\/\/stampcurio.com\/hu\/wp-json\/wp\/v2\/product_cat?post=27029"},{"taxonomy":"product_tag","embeddable":true,"href":"https:\/\/stampcurio.com\/hu\/wp-json\/wp\/v2\/product_tag?post=27029"}],"curies":[{"name":"wp","href":"https:\/\/api.w.org\/{rel}","templated":true}]}}