{"id":27027,"date":"2025-11-24T16:26:36","date_gmt":"2025-11-24T15:26:36","guid":{"rendered":"https:\/\/stampcurio.com\/product\/1945-magyarorszag-budapest-tarifas-level-utolso-napi-felhasznalas-cimnyomozva\/"},"modified":"2025-12-05T04:04:26","modified_gmt":"2025-12-05T03:04:26","slug":"1945-magyarorszag-aprilis-30-a-provizorikus-budapesti-tarifaidoszak-utolso-napjan-felhasznalt-boritek-cimnyomozassal-elkoltozott-ragjeggyel","status":"publish","type":"product","link":"https:\/\/stampcurio.com\/hu\/termek\/1945-magyarorszag-aprilis-30-a-provizorikus-budapesti-tarifaidoszak-utolso-napjan-felhasznalt-boritek-cimnyomozassal-elkoltozott-ragjeggyel\/","title":{"rendered":"1945 Magyarorsz\u00e1g &#8211; \u00e1prilis 30 &#8211; a proviz\u00f3rikus budapesti tarifaid\u0151szak utols\u00f3 napj\u00e1n (!) felhaszn\u00e1lt bor\u00edt\u00e9k, c\u00edmnyomoz\u00e1ssal, elk\u00f6lt\u00f6z\u00f6tt ragjeggyel"},"content":{"rendered":"","protected":false},"excerpt":{"rendered":"","protected":false},"featured_media":27906,"template":"","meta":[],"product_brand":[],"product_cat":[1172],"product_tag":[1669,89,405],"class_list":{"0":"post-27027","1":"product","2":"type-product","3":"status-publish","4":"has-post-thumbnail","6":"product_cat-magyarorszag","7":"product_tag-3rd-auction","8":"product_tag-postatortenet","9":"product_tag-ragjegy","11":"first","12":"outofstock","13":"sold-individually","14":"shipping-taxable","15":"purchasable","16":"product-type-simple"},"_links":{"self":[{"href":"https:\/\/stampcurio.com\/hu\/wp-json\/wp\/v2\/product\/27027","targetHints":{"allow":["GET"]}}],"collection":[{"href":"https:\/\/stampcurio.com\/hu\/wp-json\/wp\/v2\/product"}],"about":[{"href":"https:\/\/stampcurio.com\/hu\/wp-json\/wp\/v2\/types\/product"}],"wp:featuredmedia":[{"embeddable":true,"href":"https:\/\/stampcurio.com\/hu\/wp-json\/wp\/v2\/media\/27906"}],"wp:attachment":[{"href":"https:\/\/stampcurio.com\/hu\/wp-json\/wp\/v2\/media?parent=27027"}],"wp:term":[{"taxonomy":"product_brand","embeddable":true,"href":"https:\/\/stampcurio.com\/hu\/wp-json\/wp\/v2\/product_brand?post=27027"},{"taxonomy":"product_cat","embeddable":true,"href":"https:\/\/stampcurio.com\/hu\/wp-json\/wp\/v2\/product_cat?post=27027"},{"taxonomy":"product_tag","embeddable":true,"href":"https:\/\/stampcurio.com\/hu\/wp-json\/wp\/v2\/product_tag?post=27027"}],"curies":[{"name":"wp","href":"https:\/\/api.w.org\/{rel}","templated":true}]}}