{"id":27026,"date":"2025-11-24T16:26:36","date_gmt":"2025-11-24T15:26:36","guid":{"rendered":"https:\/\/stampcurio.com\/product\/1949-magyarorszag-szakszervezet-harmascsik-luxemburgba-kuldott-levelen\/"},"modified":"2026-01-05T15:18:37","modified_gmt":"2026-01-05T14:18:37","slug":"1949-magyarorszag-szakszervezet-harmascsik-luxemburgba-kuldott-levelen","status":"publish","type":"product","link":"https:\/\/stampcurio.com\/hu\/termek\/1949-magyarorszag-szakszervezet-harmascsik-luxemburgba-kuldott-levelen\/","title":{"rendered":"1949 Magyarorsz\u00e1g &#8211; Szakszervezet h\u00e1rmascs\u00edk (!) Luxemburgba k\u00fcld\u00f6tt lev\u00e9len"},"content":{"rendered":"","protected":false},"excerpt":{"rendered":"<p>A p\u00e1rokn\u00e1l nagyobb visszintes \u00f6sszef\u00fcgg\u00e9sek rendk\u00edv\u00fcl ritk\u00e1k a kiad\u00e1sb\u00f3l, futott k\u00fcldem\u00e9nyen pedig csak p\u00e1r darab ismert, mert a 100 \u00edvekb\u0151l csak kis p\u00e9ld\u00e1nysz\u00e1mot nyomtattak.<\/p>\n","protected":false},"featured_media":27905,"template":"","meta":[],"product_brand":[],"product_cat":[1260,1172],"product_tag":[1669,116,89,1006],"class_list":{"0":"post-27026","1":"product","2":"type-product","3":"status-publish","4":"has-post-thumbnail","6":"product_cat-luxemburg","7":"product_cat-magyarorszag","8":"product_tag-3rd-auction","9":"product_tag-belyeg","10":"product_tag-postatortenet","11":"product_tag-unsold","13":"first","14":"instock","15":"sold-individually","16":"shipping-taxable","17":"purchasable","18":"product-type-simple"},"_links":{"self":[{"href":"https:\/\/stampcurio.com\/hu\/wp-json\/wp\/v2\/product\/27026","targetHints":{"allow":["GET"]}}],"collection":[{"href":"https:\/\/stampcurio.com\/hu\/wp-json\/wp\/v2\/product"}],"about":[{"href":"https:\/\/stampcurio.com\/hu\/wp-json\/wp\/v2\/types\/product"}],"wp:featuredmedia":[{"embeddable":true,"href":"https:\/\/stampcurio.com\/hu\/wp-json\/wp\/v2\/media\/27905"}],"wp:attachment":[{"href":"https:\/\/stampcurio.com\/hu\/wp-json\/wp\/v2\/media?parent=27026"}],"wp:term":[{"taxonomy":"product_brand","embeddable":true,"href":"https:\/\/stampcurio.com\/hu\/wp-json\/wp\/v2\/product_brand?post=27026"},{"taxonomy":"product_cat","embeddable":true,"href":"https:\/\/stampcurio.com\/hu\/wp-json\/wp\/v2\/product_cat?post=27026"},{"taxonomy":"product_tag","embeddable":true,"href":"https:\/\/stampcurio.com\/hu\/wp-json\/wp\/v2\/product_tag?post=27026"}],"curies":[{"name":"wp","href":"https:\/\/api.w.org\/{rel}","templated":true}]}}