{"id":27025,"date":"2025-11-24T16:26:35","date_gmt":"2025-11-24T15:26:35","guid":{"rendered":"https:\/\/stampcurio.com\/product\/1868-magyarorszag-okmanybelyeg-teljes-sor-vizjel-nelkul-szucs-2080-eur-mbk-280-eur\/"},"modified":"2025-12-05T04:04:27","modified_gmt":"2025-12-05T03:04:27","slug":"1868-magyarorszag-okmanybelyeg-teljes-sor-vizjel-nelkul-szucs-2080-eur-phu-280-eur","status":"publish","type":"product","link":"https:\/\/stampcurio.com\/hu\/termek\/1868-magyarorszag-okmanybelyeg-teljes-sor-vizjel-nelkul-szucs-2080-eur-phu-280-eur\/","title":{"rendered":"1868 Magyarorsz\u00e1g &#8211; Okm\u00e1nyb\u00e9lyeg teljes sor, v\u00edzjel n\u00e9lk\u00fcl | Sz\u0171cs: 2080 EUR \/ PHu: 280 EUR"},"content":{"rendered":"","protected":false},"excerpt":{"rendered":"","protected":false},"featured_media":34913,"template":"","meta":[],"product_brand":[],"product_cat":[1172],"product_tag":[1669,282],"class_list":{"0":"post-27025","1":"product","2":"type-product","3":"status-publish","4":"has-post-thumbnail","6":"product_cat-magyarorszag","7":"product_tag-3rd-auction","8":"product_tag-okmanybelyeg","10":"first","11":"outofstock","12":"sold-individually","13":"shipping-taxable","14":"purchasable","15":"product-type-simple"},"_links":{"self":[{"href":"https:\/\/stampcurio.com\/hu\/wp-json\/wp\/v2\/product\/27025","targetHints":{"allow":["GET"]}}],"collection":[{"href":"https:\/\/stampcurio.com\/hu\/wp-json\/wp\/v2\/product"}],"about":[{"href":"https:\/\/stampcurio.com\/hu\/wp-json\/wp\/v2\/types\/product"}],"wp:featuredmedia":[{"embeddable":true,"href":"https:\/\/stampcurio.com\/hu\/wp-json\/wp\/v2\/media\/34913"}],"wp:attachment":[{"href":"https:\/\/stampcurio.com\/hu\/wp-json\/wp\/v2\/media?parent=27025"}],"wp:term":[{"taxonomy":"product_brand","embeddable":true,"href":"https:\/\/stampcurio.com\/hu\/wp-json\/wp\/v2\/product_brand?post=27025"},{"taxonomy":"product_cat","embeddable":true,"href":"https:\/\/stampcurio.com\/hu\/wp-json\/wp\/v2\/product_cat?post=27025"},{"taxonomy":"product_tag","embeddable":true,"href":"https:\/\/stampcurio.com\/hu\/wp-json\/wp\/v2\/product_tag?post=27025"}],"curies":[{"name":"wp","href":"https:\/\/api.w.org\/{rel}","templated":true}]}}