{"id":27024,"date":"2025-11-24T16:26:35","date_gmt":"2025-11-24T15:26:35","guid":{"rendered":"https:\/\/stampcurio.com\/product\/1868-magyarorszag-%c2%bd-krajcar-okmanybelyeg-forditott-kozepresszel-c-papiron\/"},"modified":"2026-01-05T15:18:37","modified_gmt":"2026-01-05T14:18:37","slug":"1868-magyarorszag-%c2%bd-krajcar-okmanybelyeg-forditott-kozepresszel-c-papiron-a-magyar-okmanybelyegek-egyik-legnagyobb-ritkasaga-szucs-rrr","status":"publish","type":"product","link":"https:\/\/stampcurio.com\/hu\/termek\/1868-magyarorszag-%c2%bd-krajcar-okmanybelyeg-forditott-kozepresszel-c-papiron-a-magyar-okmanybelyegek-egyik-legnagyobb-ritkasaga-szucs-rrr\/","title":{"rendered":"1868 Magyarorsz\u00e1g &#8211; \u00bd krajc\u00e1r okm\u00e1nyb\u00e9lyeg ford\u00edtott k\u00f6z\u00e9pr\u00e9sszel C pap\u00edron &#8211; a magyar okm\u00e1nyb\u00e9lyegek egyik legnagyobb ritkas\u00e1ga! &#8211; Sz\u0171cs RRR"},"content":{"rendered":"","protected":false},"excerpt":{"rendered":"","protected":false},"featured_media":32903,"template":"","meta":[],"product_brand":[],"product_cat":[1172],"product_tag":[1669,282,176,217,1006],"class_list":{"0":"post-27024","1":"product","2":"type-product","3":"status-publish","4":"has-post-thumbnail","6":"product_cat-magyarorszag","7":"product_tag-3rd-auction","8":"product_tag-okmanybelyeg","9":"product_tag-philagem","10":"product_tag-tevnyomat","11":"product_tag-unsold","13":"first","14":"instock","15":"sold-individually","16":"shipping-taxable","17":"purchasable","18":"product-type-simple"},"_links":{"self":[{"href":"https:\/\/stampcurio.com\/hu\/wp-json\/wp\/v2\/product\/27024","targetHints":{"allow":["GET"]}}],"collection":[{"href":"https:\/\/stampcurio.com\/hu\/wp-json\/wp\/v2\/product"}],"about":[{"href":"https:\/\/stampcurio.com\/hu\/wp-json\/wp\/v2\/types\/product"}],"wp:featuredmedia":[{"embeddable":true,"href":"https:\/\/stampcurio.com\/hu\/wp-json\/wp\/v2\/media\/32903"}],"wp:attachment":[{"href":"https:\/\/stampcurio.com\/hu\/wp-json\/wp\/v2\/media?parent=27024"}],"wp:term":[{"taxonomy":"product_brand","embeddable":true,"href":"https:\/\/stampcurio.com\/hu\/wp-json\/wp\/v2\/product_brand?post=27024"},{"taxonomy":"product_cat","embeddable":true,"href":"https:\/\/stampcurio.com\/hu\/wp-json\/wp\/v2\/product_cat?post=27024"},{"taxonomy":"product_tag","embeddable":true,"href":"https:\/\/stampcurio.com\/hu\/wp-json\/wp\/v2\/product_tag?post=27024"}],"curies":[{"name":"wp","href":"https:\/\/api.w.org\/{rel}","templated":true}]}}