{"id":27022,"date":"2025-11-24T16:26:34","date_gmt":"2025-11-24T15:26:34","guid":{"rendered":"https:\/\/stampcurio.com\/product\/1913-nemetorszag-portozott-level-berlin-thessaloniki-ferchenbauer-900-eur\/"},"modified":"2025-12-05T04:04:27","modified_gmt":"2025-12-05T03:04:27","slug":"1913-ausztria-levante-nemetorszagbol-az-osztrak-konzulatus-postaszolgalaton-kersztul-thessalonikibe-kuldott-portozott-level-ket-pisteres-egy-belyeges-ritka-portozassal-majd-nem-kereste-jelzessel","status":"publish","type":"product","link":"https:\/\/stampcurio.com\/hu\/termek\/1913-ausztria-levante-nemetorszagbol-az-osztrak-konzulatus-postaszolgalaton-kersztul-thessalonikibe-kuldott-portozott-level-ket-pisteres-egy-belyeges-ritka-portozassal-majd-nem-kereste-jelzessel\/","title":{"rendered":"1913 Ausztria Levante &#8211; N\u00e9metorsz\u00e1gb\u00f3l az osztr\u00e1k konzul\u00e1tus postaszolg\u00e1laton kerszt\u00fcl Thessalonikibe k\u00fcld\u00f6tt port\u00f3zott lev\u00e9l k\u00e9t pisteres egy b\u00e9lyeges ritka port\u00f3z\u00e1ssal, majd &#8220;nem kereste&#8221; jelz\u00e9ssel visszak\u00fcldve | Ferchenbauer: 900 EUR"},"content":{"rendered":"","protected":false},"excerpt":{"rendered":"","protected":false},"featured_media":27925,"template":"","meta":[],"product_brand":[],"product_cat":[1178,1207,1175],"product_tag":[1669,116,127,108,89,405],"class_list":{"0":"post-27022","1":"product","2":"type-product","3":"status-publish","4":"has-post-thumbnail","6":"product_cat-ausztria","7":"product_cat-gorogorszag","8":"product_cat-nemetorszag","9":"product_tag-3rd-auction","10":"product_tag-belyeg","11":"product_tag-konzulatusi-posta","12":"product_tag-porto","13":"product_tag-postatortenet","14":"product_tag-ragjegy","16":"first","17":"outofstock","18":"sold-individually","19":"shipping-taxable","20":"purchasable","21":"product-type-simple"},"_links":{"self":[{"href":"https:\/\/stampcurio.com\/hu\/wp-json\/wp\/v2\/product\/27022","targetHints":{"allow":["GET"]}}],"collection":[{"href":"https:\/\/stampcurio.com\/hu\/wp-json\/wp\/v2\/product"}],"about":[{"href":"https:\/\/stampcurio.com\/hu\/wp-json\/wp\/v2\/types\/product"}],"wp:featuredmedia":[{"embeddable":true,"href":"https:\/\/stampcurio.com\/hu\/wp-json\/wp\/v2\/media\/27925"}],"wp:attachment":[{"href":"https:\/\/stampcurio.com\/hu\/wp-json\/wp\/v2\/media?parent=27022"}],"wp:term":[{"taxonomy":"product_brand","embeddable":true,"href":"https:\/\/stampcurio.com\/hu\/wp-json\/wp\/v2\/product_brand?post=27022"},{"taxonomy":"product_cat","embeddable":true,"href":"https:\/\/stampcurio.com\/hu\/wp-json\/wp\/v2\/product_cat?post=27022"},{"taxonomy":"product_tag","embeddable":true,"href":"https:\/\/stampcurio.com\/hu\/wp-json\/wp\/v2\/product_tag?post=27022"}],"curies":[{"name":"wp","href":"https:\/\/api.w.org\/{rel}","templated":true}]}}