{"id":27021,"date":"2025-11-24T16:26:34","date_gmt":"2025-11-24T15:26:34","guid":{"rendered":"https:\/\/stampcurio.com\/product\/2012-magyarorszag-8-db-belfoldi-megszemelyesitett-postatiszta-belyeg\/"},"modified":"2026-01-05T15:18:37","modified_gmt":"2026-01-05T14:18:37","slug":"2012-magyarorszag-8-db-belfoldi-megszemelyesitett-postatiszta-belyeg","status":"publish","type":"product","link":"https:\/\/stampcurio.com\/hu\/termek\/2012-magyarorszag-8-db-belfoldi-megszemelyesitett-postatiszta-belyeg\/","title":{"rendered":"2012 Magyarorsz\u00e1g &#8211; 8 db belf\u00f6ldi megszem\u00e9lyes\u00edtett postatiszta b\u00e9lyeg"},"content":{"rendered":"","protected":false},"excerpt":{"rendered":"","protected":false},"featured_media":32895,"template":"","meta":[],"product_brand":[],"product_cat":[1172],"product_tag":[1669,116,1006],"class_list":{"0":"post-27021","1":"product","2":"type-product","3":"status-publish","4":"has-post-thumbnail","6":"product_cat-magyarorszag","7":"product_tag-3rd-auction","8":"product_tag-belyeg","9":"product_tag-unsold","11":"first","12":"instock","13":"sold-individually","14":"shipping-taxable","15":"purchasable","16":"product-type-simple"},"_links":{"self":[{"href":"https:\/\/stampcurio.com\/hu\/wp-json\/wp\/v2\/product\/27021","targetHints":{"allow":["GET"]}}],"collection":[{"href":"https:\/\/stampcurio.com\/hu\/wp-json\/wp\/v2\/product"}],"about":[{"href":"https:\/\/stampcurio.com\/hu\/wp-json\/wp\/v2\/types\/product"}],"wp:featuredmedia":[{"embeddable":true,"href":"https:\/\/stampcurio.com\/hu\/wp-json\/wp\/v2\/media\/32895"}],"wp:attachment":[{"href":"https:\/\/stampcurio.com\/hu\/wp-json\/wp\/v2\/media?parent=27021"}],"wp:term":[{"taxonomy":"product_brand","embeddable":true,"href":"https:\/\/stampcurio.com\/hu\/wp-json\/wp\/v2\/product_brand?post=27021"},{"taxonomy":"product_cat","embeddable":true,"href":"https:\/\/stampcurio.com\/hu\/wp-json\/wp\/v2\/product_cat?post=27021"},{"taxonomy":"product_tag","embeddable":true,"href":"https:\/\/stampcurio.com\/hu\/wp-json\/wp\/v2\/product_tag?post=27021"}],"curies":[{"name":"wp","href":"https:\/\/api.w.org\/{rel}","templated":true}]}}