{"id":27020,"date":"2025-11-24T16:26:33","date_gmt":"2025-11-24T15:26:33","guid":{"rendered":"https:\/\/stampcurio.com\/product\/1956-belgium-svajc-56-os-menekult-levelzaro\/"},"modified":"2025-12-05T04:04:28","modified_gmt":"2025-12-05T03:04:28","slug":"1956-magyarorszag-magyar-menekultek-levele-belgiumbol-svajcba-a-svajci-magyar-hirmondo-ujsag-megrendeleserol-mentse-meg-magyarorszagot-a-martirok-orszagat-feliratu-levelzaroval","status":"publish","type":"product","link":"https:\/\/stampcurio.com\/hu\/termek\/1956-magyarorszag-magyar-menekultek-levele-belgiumbol-svajcba-a-svajci-magyar-hirmondo-ujsag-megrendeleserol-mentse-meg-magyarorszagot-a-martirok-orszagat-feliratu-levelzaroval\/","title":{"rendered":"1956 Magyarorsz\u00e1g &#8211; Magyar menek\u00fcltek levele Belgiumb\u00f3l Sv\u00e1jcba, a Sv\u00e1jci Magyar H\u00edrmond\u00f3 \u00fajs\u00e1g megrendel\u00e9s\u00e9r\u0151l &#8211; &#8220;Mentse meg Magyarorsz\u00e1got, a m\u00e1rt\u00edrok orsz\u00e1g\u00e1t&#8221; felirat\u00fa lev\u00e9lz\u00e1r\u00f3val"},"content":{"rendered":"","protected":false},"excerpt":{"rendered":"","protected":false},"featured_media":27895,"template":"","meta":[],"product_brand":[],"product_cat":[1257,1172],"product_tag":[1743,1669,194,89],"class_list":{"0":"post-27020","1":"product","2":"type-product","3":"status-publish","4":"has-post-thumbnail","6":"product_cat-belgium","7":"product_cat-magyarorszag","8":"product_tag-1743","9":"product_tag-3rd-auction","10":"product_tag-levelzaro","11":"product_tag-postatortenet","13":"first","14":"outofstock","15":"sold-individually","16":"shipping-taxable","17":"purchasable","18":"product-type-simple"},"_links":{"self":[{"href":"https:\/\/stampcurio.com\/hu\/wp-json\/wp\/v2\/product\/27020","targetHints":{"allow":["GET"]}}],"collection":[{"href":"https:\/\/stampcurio.com\/hu\/wp-json\/wp\/v2\/product"}],"about":[{"href":"https:\/\/stampcurio.com\/hu\/wp-json\/wp\/v2\/types\/product"}],"wp:featuredmedia":[{"embeddable":true,"href":"https:\/\/stampcurio.com\/hu\/wp-json\/wp\/v2\/media\/27895"}],"wp:attachment":[{"href":"https:\/\/stampcurio.com\/hu\/wp-json\/wp\/v2\/media?parent=27020"}],"wp:term":[{"taxonomy":"product_brand","embeddable":true,"href":"https:\/\/stampcurio.com\/hu\/wp-json\/wp\/v2\/product_brand?post=27020"},{"taxonomy":"product_cat","embeddable":true,"href":"https:\/\/stampcurio.com\/hu\/wp-json\/wp\/v2\/product_cat?post=27020"},{"taxonomy":"product_tag","embeddable":true,"href":"https:\/\/stampcurio.com\/hu\/wp-json\/wp\/v2\/product_tag?post=27020"}],"curies":[{"name":"wp","href":"https:\/\/api.w.org\/{rel}","templated":true}]}}