{"id":27019,"date":"2025-11-24T16:26:33","date_gmt":"2025-11-24T15:26:33","guid":{"rendered":"https:\/\/stampcurio.com\/product\/1928-bulgaria-legiposta-berlinbe-tevnyomat-lyuk-a-repulon\/"},"modified":"2026-01-07T12:42:08","modified_gmt":"2026-01-07T11:42:08","slug":"1928-bulgaria-nemetorszagba-kuldott-legiposta-boritek-a-10-levas-belyegen-tevnyomat-a-felulnyomasban-lyuk-a-repulon","status":"publish","type":"product","link":"https:\/\/stampcurio.com\/hu\/termek\/1928-bulgaria-nemetorszagba-kuldott-legiposta-boritek-a-10-levas-belyegen-tevnyomat-a-felulnyomasban-lyuk-a-repulon\/","title":{"rendered":"1928 Bulg\u00e1ria &#8211; N\u00e9metorsz\u00e1gba k\u00fcld\u00f6tt l\u00e9giposta bor\u00edt\u00e9k &#8211; A 10 lev\u00e1s b\u00e9lyegen t\u00e9vnyomat a fel\u00fclnyom\u00e1sban: lyuk a rep\u00fcl\u0151n"},"content":{"rendered":"","protected":false},"excerpt":{"rendered":"","protected":false},"featured_media":27931,"template":"","meta":[],"product_brand":[],"product_cat":[1640,1175],"product_tag":[1669,116,115,89,217],"class_list":{"0":"post-27019","1":"product","2":"type-product","3":"status-publish","4":"has-post-thumbnail","6":"product_cat-bulgaria","7":"product_cat-nemetorszag","8":"product_tag-3rd-auction","9":"product_tag-belyeg","10":"product_tag-legiposta","11":"product_tag-postatortenet","12":"product_tag-tevnyomat","14":"first","15":"outofstock","16":"sold-individually","17":"shipping-taxable","18":"purchasable","19":"product-type-simple"},"_links":{"self":[{"href":"https:\/\/stampcurio.com\/hu\/wp-json\/wp\/v2\/product\/27019","targetHints":{"allow":["GET"]}}],"collection":[{"href":"https:\/\/stampcurio.com\/hu\/wp-json\/wp\/v2\/product"}],"about":[{"href":"https:\/\/stampcurio.com\/hu\/wp-json\/wp\/v2\/types\/product"}],"wp:featuredmedia":[{"embeddable":true,"href":"https:\/\/stampcurio.com\/hu\/wp-json\/wp\/v2\/media\/27931"}],"wp:attachment":[{"href":"https:\/\/stampcurio.com\/hu\/wp-json\/wp\/v2\/media?parent=27019"}],"wp:term":[{"taxonomy":"product_brand","embeddable":true,"href":"https:\/\/stampcurio.com\/hu\/wp-json\/wp\/v2\/product_brand?post=27019"},{"taxonomy":"product_cat","embeddable":true,"href":"https:\/\/stampcurio.com\/hu\/wp-json\/wp\/v2\/product_cat?post=27019"},{"taxonomy":"product_tag","embeddable":true,"href":"https:\/\/stampcurio.com\/hu\/wp-json\/wp\/v2\/product_tag?post=27019"}],"curies":[{"name":"wp","href":"https:\/\/api.w.org\/{rel}","templated":true}]}}