{"id":27018,"date":"2025-11-24T16:26:32","date_gmt":"2025-11-24T15:26:32","guid":{"rendered":"https:\/\/stampcurio.com\/product\/1950-magyarorszag-beke-iii-vagott-ivszeles\/"},"modified":"2025-12-05T04:04:29","modified_gmt":"2025-12-05T03:04:29","slug":"1950-magyarorszag-beke-iii-vagott-ivsarki-ivszeles-postatiszta-sor-mi-1139-1141-phu-1185-1187-50-eur","status":"publish","type":"product","link":"https:\/\/stampcurio.com\/hu\/termek\/1950-magyarorszag-beke-iii-vagott-ivsarki-ivszeles-postatiszta-sor-mi-1139-1141-phu-1185-1187-50-eur\/","title":{"rendered":"1950 Magyarorsz\u00e1g &#8211; B\u00e9ke III. v\u00e1gott \u00edvsarki \/ \u00edvsz\u00e9les postatiszta ** sor | Mi: 1139-1141 | PHu: 1185-1187 \/ 50 EUR"},"content":{"rendered":"","protected":false},"excerpt":{"rendered":"","protected":false},"featured_media":31605,"template":"","meta":[],"product_brand":[],"product_cat":[1172],"product_tag":[1669,116],"class_list":{"0":"post-27018","1":"product","2":"type-product","3":"status-publish","4":"has-post-thumbnail","6":"product_cat-magyarorszag","7":"product_tag-3rd-auction","8":"product_tag-belyeg","10":"first","11":"outofstock","12":"sold-individually","13":"shipping-taxable","14":"purchasable","15":"product-type-simple"},"_links":{"self":[{"href":"https:\/\/stampcurio.com\/hu\/wp-json\/wp\/v2\/product\/27018","targetHints":{"allow":["GET"]}}],"collection":[{"href":"https:\/\/stampcurio.com\/hu\/wp-json\/wp\/v2\/product"}],"about":[{"href":"https:\/\/stampcurio.com\/hu\/wp-json\/wp\/v2\/types\/product"}],"wp:featuredmedia":[{"embeddable":true,"href":"https:\/\/stampcurio.com\/hu\/wp-json\/wp\/v2\/media\/31605"}],"wp:attachment":[{"href":"https:\/\/stampcurio.com\/hu\/wp-json\/wp\/v2\/media?parent=27018"}],"wp:term":[{"taxonomy":"product_brand","embeddable":true,"href":"https:\/\/stampcurio.com\/hu\/wp-json\/wp\/v2\/product_brand?post=27018"},{"taxonomy":"product_cat","embeddable":true,"href":"https:\/\/stampcurio.com\/hu\/wp-json\/wp\/v2\/product_cat?post=27018"},{"taxonomy":"product_tag","embeddable":true,"href":"https:\/\/stampcurio.com\/hu\/wp-json\/wp\/v2\/product_tag?post=27018"}],"curies":[{"name":"wp","href":"https:\/\/api.w.org\/{rel}","templated":true}]}}