{"id":27017,"date":"2025-11-24T16:26:32","date_gmt":"2025-11-24T15:26:32","guid":{"rendered":"https:\/\/stampcurio.com\/product\/1947-magyarorszag-beke-ii-vagott\/"},"modified":"2026-01-05T15:18:38","modified_gmt":"2026-01-05T14:18:38","slug":"1947-magyarorszag-beke-ii-vagott-postatiszta-belyeg-phu-125-eur","status":"publish","type":"product","link":"https:\/\/stampcurio.com\/hu\/termek\/1947-magyarorszag-beke-ii-vagott-postatiszta-belyeg-phu-125-eur\/","title":{"rendered":"1947 Magyarorsz\u00e1g &#8211; B\u00e9ke II. v\u00e1gott postatiszta * b\u00e9lyeg PHu: 125 EUR"},"content":{"rendered":"","protected":false},"excerpt":{"rendered":"<p>A postatiszta ** b\u00e9lyeg\u00a0 250 EUR, ennek a fel\u00e9t sz\u00e1m\u00edtottuk a postatiszta * \u00e1rnak.<\/p>\n","protected":false},"featured_media":31609,"template":"","meta":[],"product_brand":[],"product_cat":[1172],"product_tag":[1669,116,1006],"class_list":{"0":"post-27017","1":"product","2":"type-product","3":"status-publish","4":"has-post-thumbnail","6":"product_cat-magyarorszag","7":"product_tag-3rd-auction","8":"product_tag-belyeg","9":"product_tag-unsold","11":"first","12":"instock","13":"sold-individually","14":"shipping-taxable","15":"purchasable","16":"product-type-simple"},"_links":{"self":[{"href":"https:\/\/stampcurio.com\/hu\/wp-json\/wp\/v2\/product\/27017","targetHints":{"allow":["GET"]}}],"collection":[{"href":"https:\/\/stampcurio.com\/hu\/wp-json\/wp\/v2\/product"}],"about":[{"href":"https:\/\/stampcurio.com\/hu\/wp-json\/wp\/v2\/types\/product"}],"wp:featuredmedia":[{"embeddable":true,"href":"https:\/\/stampcurio.com\/hu\/wp-json\/wp\/v2\/media\/31609"}],"wp:attachment":[{"href":"https:\/\/stampcurio.com\/hu\/wp-json\/wp\/v2\/media?parent=27017"}],"wp:term":[{"taxonomy":"product_brand","embeddable":true,"href":"https:\/\/stampcurio.com\/hu\/wp-json\/wp\/v2\/product_brand?post=27017"},{"taxonomy":"product_cat","embeddable":true,"href":"https:\/\/stampcurio.com\/hu\/wp-json\/wp\/v2\/product_cat?post=27017"},{"taxonomy":"product_tag","embeddable":true,"href":"https:\/\/stampcurio.com\/hu\/wp-json\/wp\/v2\/product_tag?post=27017"}],"curies":[{"name":"wp","href":"https:\/\/api.w.org\/{rel}","templated":true}]}}