{"id":27016,"date":"2025-11-24T16:26:32","date_gmt":"2025-11-24T15:26:32","guid":{"rendered":"https:\/\/stampcurio.com\/product\/1949-eszak-korea-a-felszabadulas-4-evforduloja-4th-anniversary-of-koreas-liberation\/"},"modified":"2026-01-05T15:18:38","modified_gmt":"2026-01-05T14:18:38","slug":"1949-eszak-korea-a-felszabadulas-4-evforduloja-4th-anniversary-of-koreas-liberation-pecsetelt-belyeg","status":"publish","type":"product","link":"https:\/\/stampcurio.com\/hu\/termek\/1949-eszak-korea-a-felszabadulas-4-evforduloja-4th-anniversary-of-koreas-liberation-pecsetelt-belyeg\/","title":{"rendered":"1949 \u00c9szak-Korea &#8211; A felszabadul\u00e1s 4. \u00e9vfordul\u00f3ja (4th Anniversary of Korea\u2019s Liberation) pecs\u00e9telt b\u00e9lyeg"},"content":{"rendered":"","protected":false},"excerpt":{"rendered":"<p>Nem \u00fajnyomat.<\/p>\n","protected":false},"featured_media":27940,"template":"","meta":[],"product_brand":[],"product_cat":[1225],"product_tag":[1669,116,1006],"class_list":{"0":"post-27016","1":"product","2":"type-product","3":"status-publish","4":"has-post-thumbnail","6":"product_cat-eszak-korea","7":"product_tag-3rd-auction","8":"product_tag-belyeg","9":"product_tag-unsold","11":"first","12":"instock","13":"sold-individually","14":"shipping-taxable","15":"purchasable","16":"product-type-simple"},"_links":{"self":[{"href":"https:\/\/stampcurio.com\/hu\/wp-json\/wp\/v2\/product\/27016","targetHints":{"allow":["GET"]}}],"collection":[{"href":"https:\/\/stampcurio.com\/hu\/wp-json\/wp\/v2\/product"}],"about":[{"href":"https:\/\/stampcurio.com\/hu\/wp-json\/wp\/v2\/types\/product"}],"wp:featuredmedia":[{"embeddable":true,"href":"https:\/\/stampcurio.com\/hu\/wp-json\/wp\/v2\/media\/27940"}],"wp:attachment":[{"href":"https:\/\/stampcurio.com\/hu\/wp-json\/wp\/v2\/media?parent=27016"}],"wp:term":[{"taxonomy":"product_brand","embeddable":true,"href":"https:\/\/stampcurio.com\/hu\/wp-json\/wp\/v2\/product_brand?post=27016"},{"taxonomy":"product_cat","embeddable":true,"href":"https:\/\/stampcurio.com\/hu\/wp-json\/wp\/v2\/product_cat?post=27016"},{"taxonomy":"product_tag","embeddable":true,"href":"https:\/\/stampcurio.com\/hu\/wp-json\/wp\/v2\/product_tag?post=27016"}],"curies":[{"name":"wp","href":"https:\/\/api.w.org\/{rel}","templated":true}]}}