{"id":27015,"date":"2025-11-24T16:26:31","date_gmt":"2025-11-24T15:26:31","guid":{"rendered":"https:\/\/stampcurio.com\/product\/1850-ausztria-3-kr-lemezhiba\/"},"modified":"2026-01-07T12:43:18","modified_gmt":"2026-01-07T11:43:18","slug":"1850-ausztria-3-kr-i-tipus-kezi-papir-latvanyos-lemezhibaval-a-cimer-kozepen","status":"publish","type":"product","link":"https:\/\/stampcurio.com\/hu\/termek\/1850-ausztria-3-kr-i-tipus-kezi-papir-latvanyos-lemezhibaval-a-cimer-kozepen\/","title":{"rendered":"1850 Ausztria &#8211; 3 kr I. tipus k\u00e9zi pap\u00edr &#8211; l\u00e1tv\u00e1nyos lemezhib\u00e1val a c\u00edmer k\u00f6zep\u00e9n"},"content":{"rendered":"","protected":false},"excerpt":{"rendered":"<p>Jelent\u00e9ktelen pap\u00edrr\u00e1nccal.<\/p>\n","protected":false},"featured_media":32147,"template":"","meta":[],"product_brand":[],"product_cat":[1178],"product_tag":[1669,116,217],"class_list":{"0":"post-27015","1":"product","2":"type-product","3":"status-publish","4":"has-post-thumbnail","6":"product_cat-ausztria","7":"product_tag-3rd-auction","8":"product_tag-belyeg","9":"product_tag-tevnyomat","11":"first","12":"outofstock","13":"sold-individually","14":"shipping-taxable","15":"purchasable","16":"product-type-simple"},"_links":{"self":[{"href":"https:\/\/stampcurio.com\/hu\/wp-json\/wp\/v2\/product\/27015","targetHints":{"allow":["GET"]}}],"collection":[{"href":"https:\/\/stampcurio.com\/hu\/wp-json\/wp\/v2\/product"}],"about":[{"href":"https:\/\/stampcurio.com\/hu\/wp-json\/wp\/v2\/types\/product"}],"wp:featuredmedia":[{"embeddable":true,"href":"https:\/\/stampcurio.com\/hu\/wp-json\/wp\/v2\/media\/32147"}],"wp:attachment":[{"href":"https:\/\/stampcurio.com\/hu\/wp-json\/wp\/v2\/media?parent=27015"}],"wp:term":[{"taxonomy":"product_brand","embeddable":true,"href":"https:\/\/stampcurio.com\/hu\/wp-json\/wp\/v2\/product_brand?post=27015"},{"taxonomy":"product_cat","embeddable":true,"href":"https:\/\/stampcurio.com\/hu\/wp-json\/wp\/v2\/product_cat?post=27015"},{"taxonomy":"product_tag","embeddable":true,"href":"https:\/\/stampcurio.com\/hu\/wp-json\/wp\/v2\/product_tag?post=27015"}],"curies":[{"name":"wp","href":"https:\/\/api.w.org\/{rel}","templated":true}]}}