{"id":27014,"date":"2025-11-24T16:26:31","date_gmt":"2025-11-24T15:26:31","guid":{"rendered":"https:\/\/stampcurio.com\/product\/1850-ausztria-3-kr-i-tipus-lemezhiba-esztergom-lebelyegzessel\/"},"modified":"2025-12-05T04:04:30","modified_gmt":"2025-12-05T03:04:30","slug":"1850-ausztria-3-kr-i-tipus-lemezhibaval-kivagason-szep-esztergom-belyegzessel-gudlin-300-pont-muller-153-pont","status":"publish","type":"product","link":"https:\/\/stampcurio.com\/hu\/termek\/1850-ausztria-3-kr-i-tipus-lemezhibaval-kivagason-szep-esztergom-belyegzessel-gudlin-300-pont-muller-153-pont\/","title":{"rendered":"1850 Ausztria &#8211; 3 kr I. t\u00edpus lemezhib\u00e1val kiv\u00e1g\u00e1son sz\u00e9p ESZTERGOM b\u00e9lyegz\u00e9ssel | Gudlin 300 pont | M\u00fcller: 15*3 pont"},"content":{"rendered":"","protected":false},"excerpt":{"rendered":"","protected":false},"featured_media":32159,"template":"","meta":[],"product_brand":[],"product_cat":[1178,1172],"product_tag":[1669,116,1268,217],"class_list":{"0":"post-27014","1":"product","2":"type-product","3":"status-publish","4":"has-post-thumbnail","6":"product_cat-ausztria","7":"product_cat-magyarorszag","8":"product_tag-3rd-auction","9":"product_tag-belyeg","10":"product_tag-lebelyegzes","11":"product_tag-tevnyomat","13":"first","14":"outofstock","15":"sold-individually","16":"shipping-taxable","17":"purchasable","18":"product-type-simple"},"_links":{"self":[{"href":"https:\/\/stampcurio.com\/hu\/wp-json\/wp\/v2\/product\/27014","targetHints":{"allow":["GET"]}}],"collection":[{"href":"https:\/\/stampcurio.com\/hu\/wp-json\/wp\/v2\/product"}],"about":[{"href":"https:\/\/stampcurio.com\/hu\/wp-json\/wp\/v2\/types\/product"}],"wp:featuredmedia":[{"embeddable":true,"href":"https:\/\/stampcurio.com\/hu\/wp-json\/wp\/v2\/media\/32159"}],"wp:attachment":[{"href":"https:\/\/stampcurio.com\/hu\/wp-json\/wp\/v2\/media?parent=27014"}],"wp:term":[{"taxonomy":"product_brand","embeddable":true,"href":"https:\/\/stampcurio.com\/hu\/wp-json\/wp\/v2\/product_brand?post=27014"},{"taxonomy":"product_cat","embeddable":true,"href":"https:\/\/stampcurio.com\/hu\/wp-json\/wp\/v2\/product_cat?post=27014"},{"taxonomy":"product_tag","embeddable":true,"href":"https:\/\/stampcurio.com\/hu\/wp-json\/wp\/v2\/product_tag?post=27014"}],"curies":[{"name":"wp","href":"https:\/\/api.w.org\/{rel}","templated":true}]}}