{"id":27013,"date":"2025-11-24T16:26:30","date_gmt":"2025-11-24T15:26:30","guid":{"rendered":"https:\/\/stampcurio.com\/product\/1850-ausztria-fiume-9-kr-i-tipus-randleistung-szep-fiume-lebelyegzessel\/"},"modified":"2025-12-05T04:04:31","modified_gmt":"2025-12-05T03:04:31","slug":"1850-ausztria-9-krajcar-i-tipus-szep-szegelylec-nyommal-luxus-fiume-belyegzessel","status":"publish","type":"product","link":"https:\/\/stampcurio.com\/hu\/termek\/1850-ausztria-9-krajcar-i-tipus-szep-szegelylec-nyommal-luxus-fiume-belyegzessel\/","title":{"rendered":"1850 Ausztria &#8211; 9 krajcar I. t\u00edpus sz\u00e9p szeg\u00e9lyl\u00e9c nyommal &#8211; luxus FIUME b\u00e9lyegz\u00e9ssel"},"content":{"rendered":"","protected":false},"excerpt":{"rendered":"","protected":false},"featured_media":32153,"template":"","meta":[],"product_brand":[],"product_cat":[1178,1275,1192,1172],"product_tag":[1669,116,1041,217],"class_list":{"0":"post-27013","1":"product","2":"type-product","3":"status-publish","4":"has-post-thumbnail","6":"product_cat-ausztria","7":"product_cat-fiume","8":"product_cat-horvatorszag","9":"product_cat-magyarorszag","10":"product_tag-3rd-auction","11":"product_tag-belyeg","12":"product_tag-marcophily-hu","13":"product_tag-tevnyomat","15":"first","16":"outofstock","17":"sold-individually","18":"shipping-taxable","19":"purchasable","20":"product-type-simple"},"_links":{"self":[{"href":"https:\/\/stampcurio.com\/hu\/wp-json\/wp\/v2\/product\/27013","targetHints":{"allow":["GET"]}}],"collection":[{"href":"https:\/\/stampcurio.com\/hu\/wp-json\/wp\/v2\/product"}],"about":[{"href":"https:\/\/stampcurio.com\/hu\/wp-json\/wp\/v2\/types\/product"}],"wp:featuredmedia":[{"embeddable":true,"href":"https:\/\/stampcurio.com\/hu\/wp-json\/wp\/v2\/media\/32153"}],"wp:attachment":[{"href":"https:\/\/stampcurio.com\/hu\/wp-json\/wp\/v2\/media?parent=27013"}],"wp:term":[{"taxonomy":"product_brand","embeddable":true,"href":"https:\/\/stampcurio.com\/hu\/wp-json\/wp\/v2\/product_brand?post=27013"},{"taxonomy":"product_cat","embeddable":true,"href":"https:\/\/stampcurio.com\/hu\/wp-json\/wp\/v2\/product_cat?post=27013"},{"taxonomy":"product_tag","embeddable":true,"href":"https:\/\/stampcurio.com\/hu\/wp-json\/wp\/v2\/product_tag?post=27013"}],"curies":[{"name":"wp","href":"https:\/\/api.w.org\/{rel}","templated":true}]}}