{"id":27011,"date":"2025-11-24T16:26:30","date_gmt":"2025-11-24T15:26:30","guid":{"rendered":"https:\/\/stampcurio.com\/product\/1908-magyarorszag-farkasevac-ketnyelvu-postaugynokseg-belyegzes-pu-200\/"},"modified":"2025-12-05T04:04:30","modified_gmt":"2025-12-05T03:04:30","slug":"1908-magyarorszag-farkasevac-ketnyelvu-horvat-magyar-postaugynokseg-belyegzes-dijjegyes-boritekon-pu-200-pont","status":"publish","type":"product","link":"https:\/\/stampcurio.com\/hu\/termek\/1908-magyarorszag-farkasevac-ketnyelvu-horvat-magyar-postaugynokseg-belyegzes-dijjegyes-boritekon-pu-200-pont\/","title":{"rendered":"1908 Magyarorsz\u00e1g &#8211; FARKASEVAC k\u00e9tnyelv\u0171 horv\u00e1t &#8211; magyar posta\u00fcgyn\u00f6ks\u00e9g b\u00e9lyegz\u00e9s d\u00edjjegyes bor\u00edt\u00e9kon | P\u00dc: 200 pont"},"content":{"rendered":"","protected":false},"excerpt":{"rendered":"","protected":false},"featured_media":27944,"template":"","meta":[],"product_brand":[],"product_cat":[1192,1172],"product_tag":[1669,74,1041,89,1269],"class_list":{"0":"post-27011","1":"product","2":"type-product","3":"status-publish","4":"has-post-thumbnail","6":"product_cat-horvatorszag","7":"product_cat-magyarorszag","8":"product_tag-3rd-auction","9":"product_tag-dijjegyes","10":"product_tag-marcophily-hu","11":"product_tag-postatortenet","12":"product_tag-postaugynokseg","14":"first","15":"outofstock","16":"sold-individually","17":"shipping-taxable","18":"purchasable","19":"product-type-simple"},"_links":{"self":[{"href":"https:\/\/stampcurio.com\/hu\/wp-json\/wp\/v2\/product\/27011","targetHints":{"allow":["GET"]}}],"collection":[{"href":"https:\/\/stampcurio.com\/hu\/wp-json\/wp\/v2\/product"}],"about":[{"href":"https:\/\/stampcurio.com\/hu\/wp-json\/wp\/v2\/types\/product"}],"wp:featuredmedia":[{"embeddable":true,"href":"https:\/\/stampcurio.com\/hu\/wp-json\/wp\/v2\/media\/27944"}],"wp:attachment":[{"href":"https:\/\/stampcurio.com\/hu\/wp-json\/wp\/v2\/media?parent=27011"}],"wp:term":[{"taxonomy":"product_brand","embeddable":true,"href":"https:\/\/stampcurio.com\/hu\/wp-json\/wp\/v2\/product_brand?post=27011"},{"taxonomy":"product_cat","embeddable":true,"href":"https:\/\/stampcurio.com\/hu\/wp-json\/wp\/v2\/product_cat?post=27011"},{"taxonomy":"product_tag","embeddable":true,"href":"https:\/\/stampcurio.com\/hu\/wp-json\/wp\/v2\/product_tag?post=27011"}],"curies":[{"name":"wp","href":"https:\/\/api.w.org\/{rel}","templated":true}]}}