{"id":27010,"date":"2025-11-24T16:26:29","date_gmt":"2025-11-24T15:26:29","guid":{"rendered":"https:\/\/stampcurio.com\/product\/1950-magyarorszag-upu-pecsetelt-fogazott-es-vagott-par-elso-napi-belyegzessel\/"},"modified":"2026-01-05T15:18:39","modified_gmt":"2026-01-05T14:18:39","slug":"1950-magyarorszag-upu-pecsetelt-fogazott-es-vagott-par-elso-napi-belyegzessel-phu-1-100-eur","status":"publish","type":"product","link":"https:\/\/stampcurio.com\/hu\/termek\/1950-magyarorszag-upu-pecsetelt-fogazott-es-vagott-par-elso-napi-belyegzessel-phu-1-100-eur\/","title":{"rendered":"1950 Magyarorsz\u00e1g &#8211; UPU pecs\u00e9telt fogazott \u00e9s v\u00e1gott p\u00e1r els\u0151 napi b\u00e9lyegz\u00e9ssel | Phu: 1.100 EUR"},"content":{"rendered":"","protected":false},"excerpt":{"rendered":"","protected":false},"featured_media":35979,"template":"","meta":[],"product_brand":[],"product_cat":[1172],"product_tag":[1669,116,100,1041,1006],"class_list":{"0":"post-27010","1":"product","2":"type-product","3":"status-publish","4":"has-post-thumbnail","6":"product_cat-magyarorszag","7":"product_tag-3rd-auction","8":"product_tag-belyeg","9":"product_tag-fdc","10":"product_tag-marcophily-hu","11":"product_tag-unsold","13":"first","14":"instock","15":"sold-individually","16":"shipping-taxable","17":"purchasable","18":"product-type-simple"},"_links":{"self":[{"href":"https:\/\/stampcurio.com\/hu\/wp-json\/wp\/v2\/product\/27010","targetHints":{"allow":["GET"]}}],"collection":[{"href":"https:\/\/stampcurio.com\/hu\/wp-json\/wp\/v2\/product"}],"about":[{"href":"https:\/\/stampcurio.com\/hu\/wp-json\/wp\/v2\/types\/product"}],"wp:featuredmedia":[{"embeddable":true,"href":"https:\/\/stampcurio.com\/hu\/wp-json\/wp\/v2\/media\/35979"}],"wp:attachment":[{"href":"https:\/\/stampcurio.com\/hu\/wp-json\/wp\/v2\/media?parent=27010"}],"wp:term":[{"taxonomy":"product_brand","embeddable":true,"href":"https:\/\/stampcurio.com\/hu\/wp-json\/wp\/v2\/product_brand?post=27010"},{"taxonomy":"product_cat","embeddable":true,"href":"https:\/\/stampcurio.com\/hu\/wp-json\/wp\/v2\/product_cat?post=27010"},{"taxonomy":"product_tag","embeddable":true,"href":"https:\/\/stampcurio.com\/hu\/wp-json\/wp\/v2\/product_tag?post=27010"}],"curies":[{"name":"wp","href":"https:\/\/api.w.org\/{rel}","templated":true}]}}