{"id":27009,"date":"2025-11-24T16:26:29","date_gmt":"2025-11-24T15:26:29","guid":{"rendered":"https:\/\/stampcurio.com\/product\/1851-ausztria-kk-postdirection-fur-den-regierungsdistrict-pesth-szep-lebelyegzes-muller-175x8\/"},"modified":"2025-12-05T04:04:31","modified_gmt":"2025-12-05T03:04:31","slug":"1851-ausztria-kk-postdirection-fur-den-regierungsdistrict-pesth-ritka-lebelyegzes-muller-1758-pont","status":"publish","type":"product","link":"https:\/\/stampcurio.com\/hu\/termek\/1851-ausztria-kk-postdirection-fur-den-regierungsdistrict-pesth-ritka-lebelyegzes-muller-1758-pont\/","title":{"rendered":"1851 Ausztria &#8211; KK POSTDIRECTION F\u00dcR DEN REGIERUNGSDISTRICT PESTH ritka  leb\u00e9lyegz\u00e9s | M\u00fcller: 175*8 pont"},"content":{"rendered":"","protected":false},"excerpt":{"rendered":"","protected":false},"featured_media":32871,"template":"","meta":[],"product_brand":[],"product_cat":[1178,1172],"product_tag":[1669,1041],"class_list":{"0":"post-27009","1":"product","2":"type-product","3":"status-publish","4":"has-post-thumbnail","6":"product_cat-ausztria","7":"product_cat-magyarorszag","8":"product_tag-3rd-auction","9":"product_tag-marcophily-hu","11":"first","12":"outofstock","13":"sold-individually","14":"shipping-taxable","15":"purchasable","16":"product-type-simple"},"_links":{"self":[{"href":"https:\/\/stampcurio.com\/hu\/wp-json\/wp\/v2\/product\/27009","targetHints":{"allow":["GET"]}}],"collection":[{"href":"https:\/\/stampcurio.com\/hu\/wp-json\/wp\/v2\/product"}],"about":[{"href":"https:\/\/stampcurio.com\/hu\/wp-json\/wp\/v2\/types\/product"}],"wp:featuredmedia":[{"embeddable":true,"href":"https:\/\/stampcurio.com\/hu\/wp-json\/wp\/v2\/media\/32871"}],"wp:attachment":[{"href":"https:\/\/stampcurio.com\/hu\/wp-json\/wp\/v2\/media?parent=27009"}],"wp:term":[{"taxonomy":"product_brand","embeddable":true,"href":"https:\/\/stampcurio.com\/hu\/wp-json\/wp\/v2\/product_brand?post=27009"},{"taxonomy":"product_cat","embeddable":true,"href":"https:\/\/stampcurio.com\/hu\/wp-json\/wp\/v2\/product_cat?post=27009"},{"taxonomy":"product_tag","embeddable":true,"href":"https:\/\/stampcurio.com\/hu\/wp-json\/wp\/v2\/product_tag?post=27009"}],"curies":[{"name":"wp","href":"https:\/\/api.w.org\/{rel}","templated":true}]}}