{"id":27006,"date":"2025-11-24T16:26:25","date_gmt":"2025-11-24T15:26:25","guid":{"rendered":"https:\/\/stampcurio.com\/product\/1948-magyarorszag-lanchid-ii-pecsetelt\/"},"modified":"2025-12-05T04:04:33","modified_gmt":"2025-12-05T03:04:33","slug":"1948-magyarorszag-lanchid-ii-blokk-alkalmi-belyegzessel-mi-bl-13-phu-1081-100-eur","status":"publish","type":"product","link":"https:\/\/stampcurio.com\/hu\/termek\/1948-magyarorszag-lanchid-ii-blokk-alkalmi-belyegzessel-mi-bl-13-phu-1081-100-eur\/","title":{"rendered":"1948 Magyarorsz\u00e1g &#8211; L\u00e1nch\u00edd II. blokk alkalmi b\u00e9lyegz\u00e9ssel | Mi: Bl 13 | PHu: 1081 \/ 100 EUR"},"content":{"rendered":"","protected":false},"excerpt":{"rendered":"","protected":false},"featured_media":31629,"template":"","meta":[],"product_brand":[],"product_cat":[1172],"product_tag":[1669,1378,116,115,1041],"class_list":{"0":"post-27006","1":"product","2":"type-product","3":"status-publish","4":"has-post-thumbnail","6":"product_cat-magyarorszag","7":"product_tag-3rd-auction","8":"product_tag-alkalmi-belyegzes","9":"product_tag-belyeg","10":"product_tag-legiposta","11":"product_tag-marcophily-hu","13":"first","14":"outofstock","15":"sold-individually","16":"shipping-taxable","17":"purchasable","18":"product-type-simple"},"_links":{"self":[{"href":"https:\/\/stampcurio.com\/hu\/wp-json\/wp\/v2\/product\/27006","targetHints":{"allow":["GET"]}}],"collection":[{"href":"https:\/\/stampcurio.com\/hu\/wp-json\/wp\/v2\/product"}],"about":[{"href":"https:\/\/stampcurio.com\/hu\/wp-json\/wp\/v2\/types\/product"}],"wp:featuredmedia":[{"embeddable":true,"href":"https:\/\/stampcurio.com\/hu\/wp-json\/wp\/v2\/media\/31629"}],"wp:attachment":[{"href":"https:\/\/stampcurio.com\/hu\/wp-json\/wp\/v2\/media?parent=27006"}],"wp:term":[{"taxonomy":"product_brand","embeddable":true,"href":"https:\/\/stampcurio.com\/hu\/wp-json\/wp\/v2\/product_brand?post=27006"},{"taxonomy":"product_cat","embeddable":true,"href":"https:\/\/stampcurio.com\/hu\/wp-json\/wp\/v2\/product_cat?post=27006"},{"taxonomy":"product_tag","embeddable":true,"href":"https:\/\/stampcurio.com\/hu\/wp-json\/wp\/v2\/product_tag?post=27006"}],"curies":[{"name":"wp","href":"https:\/\/api.w.org\/{rel}","templated":true}]}}