{"id":27004,"date":"2025-11-24T16:26:24","date_gmt":"2025-11-24T15:26:24","guid":{"rendered":"https:\/\/stampcurio.com\/product\/1932-magyarorszag-vizumbelyeg\/"},"modified":"2025-12-05T04:04:34","modified_gmt":"2025-12-05T03:04:34","slug":"1932-magyarorszag-1-aranypengo-felulnyomasu-hasznalt-vizumbelyeg","status":"publish","type":"product","link":"https:\/\/stampcurio.com\/hu\/termek\/1932-magyarorszag-1-aranypengo-felulnyomasu-hasznalt-vizumbelyeg\/","title":{"rendered":"1932 Magyarorsz\u00e1g &#8211; 1 aranypeng\u0151 fel\u00fclnyom\u00e1s\u00fa haszn\u00e1lt v\u00edzumb\u00e9lyeg"},"content":{"rendered":"","protected":false},"excerpt":{"rendered":"","protected":false},"featured_media":31625,"template":"","meta":[],"product_brand":[],"product_cat":[1172],"product_tag":[1669,282],"class_list":{"0":"post-27004","1":"product","2":"type-product","3":"status-publish","4":"has-post-thumbnail","6":"product_cat-magyarorszag","7":"product_tag-3rd-auction","8":"product_tag-okmanybelyeg","10":"first","11":"outofstock","12":"sold-individually","13":"shipping-taxable","14":"purchasable","15":"product-type-simple"},"_links":{"self":[{"href":"https:\/\/stampcurio.com\/hu\/wp-json\/wp\/v2\/product\/27004","targetHints":{"allow":["GET"]}}],"collection":[{"href":"https:\/\/stampcurio.com\/hu\/wp-json\/wp\/v2\/product"}],"about":[{"href":"https:\/\/stampcurio.com\/hu\/wp-json\/wp\/v2\/types\/product"}],"wp:featuredmedia":[{"embeddable":true,"href":"https:\/\/stampcurio.com\/hu\/wp-json\/wp\/v2\/media\/31625"}],"wp:attachment":[{"href":"https:\/\/stampcurio.com\/hu\/wp-json\/wp\/v2\/media?parent=27004"}],"wp:term":[{"taxonomy":"product_brand","embeddable":true,"href":"https:\/\/stampcurio.com\/hu\/wp-json\/wp\/v2\/product_brand?post=27004"},{"taxonomy":"product_cat","embeddable":true,"href":"https:\/\/stampcurio.com\/hu\/wp-json\/wp\/v2\/product_cat?post=27004"},{"taxonomy":"product_tag","embeddable":true,"href":"https:\/\/stampcurio.com\/hu\/wp-json\/wp\/v2\/product_tag?post=27004"}],"curies":[{"name":"wp","href":"https:\/\/api.w.org\/{rel}","templated":true}]}}