{"id":27003,"date":"2025-11-24T16:26:24","date_gmt":"2025-11-24T15:26:24","guid":{"rendered":"https:\/\/stampcurio.com\/product\/1901-magyarorszag-peterdi-level-az-ss-zrinyi-fedelzeten-feladva\/"},"modified":"2025-12-05T04:04:33","modified_gmt":"2025-12-05T03:04:33","slug":"1901-magyarorszag-nyomtatvanykent-feladott-peterdi-boritek-az-s-s-zrinyi-fedelzeten-feladva-franciaorszagba-kuldve","status":"publish","type":"product","link":"https:\/\/stampcurio.com\/hu\/termek\/1901-magyarorszag-nyomtatvanykent-feladott-peterdi-boritek-az-s-s-zrinyi-fedelzeten-feladva-franciaorszagba-kuldve\/","title":{"rendered":"1901 Magyarorsz\u00e1g &#8211; nyomtatv\u00e1nyk\u00e9nt feladott Peterdi bor\u00edt\u00e9k az S.S. Zr\u00ednyi fed\u00e9lzet\u00e9n feladva Franciaorsz\u00e1gba k\u00fcldve"},"content":{"rendered":"","protected":false},"excerpt":{"rendered":"","protected":false},"featured_media":27868,"template":"","meta":[],"product_brand":[],"product_cat":[1181,1172],"product_tag":[1669,116,89],"class_list":{"0":"post-27003","1":"product","2":"type-product","3":"status-publish","4":"has-post-thumbnail","6":"product_cat-franciaorszag","7":"product_cat-magyarorszag","8":"product_tag-3rd-auction","9":"product_tag-belyeg","10":"product_tag-postatortenet","12":"first","13":"outofstock","14":"sold-individually","15":"shipping-taxable","16":"purchasable","17":"product-type-simple"},"_links":{"self":[{"href":"https:\/\/stampcurio.com\/hu\/wp-json\/wp\/v2\/product\/27003","targetHints":{"allow":["GET"]}}],"collection":[{"href":"https:\/\/stampcurio.com\/hu\/wp-json\/wp\/v2\/product"}],"about":[{"href":"https:\/\/stampcurio.com\/hu\/wp-json\/wp\/v2\/types\/product"}],"wp:featuredmedia":[{"embeddable":true,"href":"https:\/\/stampcurio.com\/hu\/wp-json\/wp\/v2\/media\/27868"}],"wp:attachment":[{"href":"https:\/\/stampcurio.com\/hu\/wp-json\/wp\/v2\/media?parent=27003"}],"wp:term":[{"taxonomy":"product_brand","embeddable":true,"href":"https:\/\/stampcurio.com\/hu\/wp-json\/wp\/v2\/product_brand?post=27003"},{"taxonomy":"product_cat","embeddable":true,"href":"https:\/\/stampcurio.com\/hu\/wp-json\/wp\/v2\/product_cat?post=27003"},{"taxonomy":"product_tag","embeddable":true,"href":"https:\/\/stampcurio.com\/hu\/wp-json\/wp\/v2\/product_tag?post=27003"}],"curies":[{"name":"wp","href":"https:\/\/api.w.org\/{rel}","templated":true}]}}