{"id":27002,"date":"2025-11-24T16:26:24","date_gmt":"2025-11-24T15:26:24","guid":{"rendered":"https:\/\/stampcurio.com\/product\/1875-svajc-naszodra-kuldott-ajanlott-level\/"},"modified":"2025-12-05T04:04:33","modified_gmt":"2025-12-05T03:04:33","slug":"1875-svajc-zollikofenbol-magyarorszagra-naszod-kuldott-ajanlott-boritek-jobb-destinacio","status":"publish","type":"product","link":"https:\/\/stampcurio.com\/hu\/termek\/1875-svajc-zollikofenbol-magyarorszagra-naszod-kuldott-ajanlott-boritek-jobb-destinacio\/","title":{"rendered":"1875 Sv\u00e1jc &#8211; Zollikofenb\u0151l Magyarorsz\u00e1gra (Nasz\u00f3d) k\u00fcld\u00f6tt aj\u00e1nlott bor\u00edt\u00e9k &#8211; jobb destin\u00e1ci\u00f3"},"content":{"rendered":"","protected":false},"excerpt":{"rendered":"","protected":false},"featured_media":35495,"template":"","meta":[],"product_brand":[],"product_cat":[1172,1208,1191],"product_tag":[1669,116,89],"class_list":{"0":"post-27002","1":"product","2":"type-product","3":"status-publish","4":"has-post-thumbnail","6":"product_cat-magyarorszag","7":"product_cat-romania","8":"product_cat-svajc","9":"product_tag-3rd-auction","10":"product_tag-belyeg","11":"product_tag-postatortenet","13":"first","14":"outofstock","15":"sold-individually","16":"shipping-taxable","17":"purchasable","18":"product-type-simple"},"_links":{"self":[{"href":"https:\/\/stampcurio.com\/hu\/wp-json\/wp\/v2\/product\/27002","targetHints":{"allow":["GET"]}}],"collection":[{"href":"https:\/\/stampcurio.com\/hu\/wp-json\/wp\/v2\/product"}],"about":[{"href":"https:\/\/stampcurio.com\/hu\/wp-json\/wp\/v2\/types\/product"}],"wp:featuredmedia":[{"embeddable":true,"href":"https:\/\/stampcurio.com\/hu\/wp-json\/wp\/v2\/media\/35495"}],"wp:attachment":[{"href":"https:\/\/stampcurio.com\/hu\/wp-json\/wp\/v2\/media?parent=27002"}],"wp:term":[{"taxonomy":"product_brand","embeddable":true,"href":"https:\/\/stampcurio.com\/hu\/wp-json\/wp\/v2\/product_brand?post=27002"},{"taxonomy":"product_cat","embeddable":true,"href":"https:\/\/stampcurio.com\/hu\/wp-json\/wp\/v2\/product_cat?post=27002"},{"taxonomy":"product_tag","embeddable":true,"href":"https:\/\/stampcurio.com\/hu\/wp-json\/wp\/v2\/product_tag?post=27002"}],"curies":[{"name":"wp","href":"https:\/\/api.w.org\/{rel}","templated":true}]}}